{"id":3126,"date":"2023-09-11T16:46:34","date_gmt":"2023-09-11T19:46:34","guid":{"rendered":"https:\/\/retaprene.com\/novo02\/?post_type=product&#038;p=3126"},"modified":"2023-10-09T11:45:46","modified_gmt":"2023-10-09T14:45:46","slug":"cola-de-poliuretano-para-madera-maderas-duras-suelos-parquets-1-kg","status":"publish","type":"product","link":"https:\/\/retaprene.com\/es\/produto\/cola-de-poliuretano-para-madera-maderas-duras-suelos-parquets-1-kg\/","title":{"rendered":"Cola de Poliuretano para Madera \/ Maderas Duras \/ Suelos \/ Parquets &#8211; 1 KG"},"content":{"rendered":"<p><span class=\"selectable-text copyable-text\">Ideal para pegar poliestireno, madera, pasto sint\u00e9tico, panel, EPS, parquet, pisos, contrachapados, parquet, pisos, pisos engomados, l\u00e1mina de acero, canalones, cer\u00e1mica\/hormig\u00f3n, aluminio, cobre, metales en general, losetas (poliestireno), pl\u00e1sticos no olef\u00ednicos, entre otros.<\/span><\/p>\n","protected":false},"excerpt":{"rendered":"<p><span class=\"selectable-text copyable-text\">Cola para Madera \/ Parquets \/ Suelos \/ Parquets 1 Kg<\/span><\/p>\n","protected":false},"featured_media":2378,"comment_status":"open","ping_status":"closed","template":"","meta":[],"product_cat":[32],"product_tag":[],"class_list":["post-3126","product","type-product","status-publish","has-post-thumbnail","hentry","product_cat-adhesivos-y-selladores"],"acf":[],"_links":{"self":[{"href":"https:\/\/retaprene.com\/es\/wp-json\/wp\/v2\/product\/3126","targetHints":{"allow":["GET"]}}],"collection":[{"href":"https:\/\/retaprene.com\/es\/wp-json\/wp\/v2\/product"}],"about":[{"href":"https:\/\/retaprene.com\/es\/wp-json\/wp\/v2\/types\/product"}],"replies":[{"embeddable":true,"href":"https:\/\/retaprene.com\/es\/wp-json\/wp\/v2\/comments?post=3126"}],"wp:featuredmedia":[{"embeddable":true,"href":"https:\/\/retaprene.com\/es\/wp-json\/wp\/v2\/media\/2378"}],"wp:attachment":[{"href":"https:\/\/retaprene.com\/es\/wp-json\/wp\/v2\/media?parent=3126"}],"wp:term":[{"taxonomy":"product_cat","embeddable":true,"href":"https:\/\/retaprene.com\/es\/wp-json\/wp\/v2\/product_cat?post=3126"},{"taxonomy":"product_tag","embeddable":true,"href":"https:\/\/retaprene.com\/es\/wp-json\/wp\/v2\/product_tag?post=3126"}],"curies":[{"name":"wp","href":"https:\/\/api.w.org\/{rel}","templated":true}]}}