{"id":3074,"date":"2023-09-11T16:46:34","date_gmt":"2023-09-11T19:46:34","guid":{"rendered":"https:\/\/retaprene.com\/novo02\/?post_type=product&#038;p=3074"},"modified":"2023-10-03T12:21:29","modified_gmt":"2023-10-03T15:21:29","slug":"pegamento-de-poliuretano-para-madera-mdf-contrachapada-naval-artesania-carton-4540-kg","status":"publish","type":"product","link":"https:\/\/retaprene.com\/es\/produto\/pegamento-de-poliuretano-para-madera-mdf-contrachapada-naval-artesania-carton-4540-kg\/","title":{"rendered":"Pegamento de Poliuretano para Madera \/ MDF \/ contrachapada naval \/ artesan\u00eda \/ Cart\u00f3n \u2013 4,540 KG"},"content":{"rendered":"<p>Ideal para pegar poliestireno, madera, c\u00e9sped sint\u00e9tico, panel, EPS, tacos, assoalho, contrachapado, parquet, pisos engomados, l\u00e1mina de acero, canalones, cer\u00e1mica\/hormig\u00f3n, aluminio, cobre, metales en general, tejas (poliestireno), pl\u00e1sticos no olef\u00ednicos, entre otros.<\/p>\n","protected":false},"excerpt":{"rendered":"<p>Ideal para pegar poliestireno, madera, c\u00e9sped sint\u00e9tico, panel, EPS, tacos, assoalho, contrachapado, parquet, pisos engomados, l\u00e1mina de acero, canalones, cer\u00e1mica\/hormig\u00f3n, aluminio, cobre, metales en general, tejas (poliestireno), pl\u00e1sticos no olef\u00ednicos, entre otros.<\/p>\n","protected":false},"featured_media":2375,"comment_status":"open","ping_status":"closed","template":"","meta":[],"product_cat":[32],"product_tag":[],"class_list":["post-3074","product","type-product","status-publish","has-post-thumbnail","hentry","product_cat-adhesivos-y-selladores"],"acf":[],"_links":{"self":[{"href":"https:\/\/retaprene.com\/es\/wp-json\/wp\/v2\/product\/3074","targetHints":{"allow":["GET"]}}],"collection":[{"href":"https:\/\/retaprene.com\/es\/wp-json\/wp\/v2\/product"}],"about":[{"href":"https:\/\/retaprene.com\/es\/wp-json\/wp\/v2\/types\/product"}],"replies":[{"embeddable":true,"href":"https:\/\/retaprene.com\/es\/wp-json\/wp\/v2\/comments?post=3074"}],"wp:featuredmedia":[{"embeddable":true,"href":"https:\/\/retaprene.com\/es\/wp-json\/wp\/v2\/media\/2375"}],"wp:attachment":[{"href":"https:\/\/retaprene.com\/es\/wp-json\/wp\/v2\/media?parent=3074"}],"wp:term":[{"taxonomy":"product_cat","embeddable":true,"href":"https:\/\/retaprene.com\/es\/wp-json\/wp\/v2\/product_cat?post=3074"},{"taxonomy":"product_tag","embeddable":true,"href":"https:\/\/retaprene.com\/es\/wp-json\/wp\/v2\/product_tag?post=3074"}],"curies":[{"name":"wp","href":"https:\/\/api.w.org\/{rel}","templated":true}]}}