{"id":3050,"date":"2023-09-11T16:46:59","date_gmt":"2023-09-11T19:46:59","guid":{"rendered":"https:\/\/retaprene.com\/novo02\/?post_type=product&#038;p=3050"},"modified":"2023-10-02T11:44:09","modified_gmt":"2023-10-02T14:44:09","slug":"pegamento-de-poliuretano-para-teja-poliestireno-placas-4-600-kg","status":"publish","type":"product","link":"https:\/\/retaprene.com\/es\/produto\/pegamento-de-poliuretano-para-teja-poliestireno-placas-4-600-kg\/","title":{"rendered":"Pegamento de Poliuretano para teja \/ poliestireno \/ placas 4.600 Kg"},"content":{"rendered":"<p>Ideal para pegar poliestireno, madera, c\u00e9sped sint\u00e9tico, panel, EPS, tacos, assoalho, contrachapado, parquet, pisos engomados, l\u00e1mina de acero, canalones, cer\u00e1mica\/hormig\u00f3n, aluminio, cobre, metales en general, tejas (poliestireno), pl\u00e1sticos no olef\u00ednicos, entre otros.<\/p>\n<p><strong>CONTENIDO:<\/strong><\/p>\n<p>1 kit de 4,600kg de Pegamento Bicomponente<\/p>\n<p>Siendo 4 kg del Componente A y 0,600 kg del Componente B<\/p>\n<p>Proporci\u00f3n de mezcla: 100 g (A): 15 g (B)<\/p>\n<p>+ Accesorios<\/p>\n","protected":false},"excerpt":{"rendered":"<p>Los adhesivos y selladores estructurales de Retaprene se fabrican a partir de dos bases qu\u00edmicas: Epoxi y poliuretano, ya que presentan excelentes propiedades relacionadas con la mec\u00e1nica y a la qu\u00edmica, asegurando durabilidad y alta resistencia.<\/p>\n","protected":false},"featured_media":2393,"comment_status":"open","ping_status":"closed","template":"","meta":[],"product_cat":[32,18],"product_tag":[],"class_list":["post-3050","product","type-product","status-publish","has-post-thumbnail","hentry","product_cat-adhesivos-y-selladores","product_cat-isolamento-termico"],"acf":[],"_links":{"self":[{"href":"https:\/\/retaprene.com\/es\/wp-json\/wp\/v2\/product\/3050","targetHints":{"allow":["GET"]}}],"collection":[{"href":"https:\/\/retaprene.com\/es\/wp-json\/wp\/v2\/product"}],"about":[{"href":"https:\/\/retaprene.com\/es\/wp-json\/wp\/v2\/types\/product"}],"replies":[{"embeddable":true,"href":"https:\/\/retaprene.com\/es\/wp-json\/wp\/v2\/comments?post=3050"}],"wp:featuredmedia":[{"embeddable":true,"href":"https:\/\/retaprene.com\/es\/wp-json\/wp\/v2\/media\/2393"}],"wp:attachment":[{"href":"https:\/\/retaprene.com\/es\/wp-json\/wp\/v2\/media?parent=3050"}],"wp:term":[{"taxonomy":"product_cat","embeddable":true,"href":"https:\/\/retaprene.com\/es\/wp-json\/wp\/v2\/product_cat?post=3050"},{"taxonomy":"product_tag","embeddable":true,"href":"https:\/\/retaprene.com\/es\/wp-json\/wp\/v2\/product_tag?post=3050"}],"curies":[{"name":"wp","href":"https:\/\/api.w.org\/{rel}","templated":true}]}}