{"id":3049,"date":"2023-09-11T16:46:36","date_gmt":"2023-09-11T19:46:36","guid":{"rendered":"https:\/\/retaprene.com\/novo02\/?post_type=product&#038;p=3049"},"modified":"2023-10-02T11:38:54","modified_gmt":"2023-10-02T14:38:54","slug":"pegamento-de-poliuretano-para-teja-tipo-sandwich-8-cubos","status":"publish","type":"product","link":"https:\/\/retaprene.com\/es\/produto\/pegamento-de-poliuretano-para-teja-tipo-sandwich-8-cubos\/","title":{"rendered":"Pegamento de poliuretano para teja tipo s\u00e1ndwich &#8211; 8 cubos"},"content":{"rendered":"","protected":false},"excerpt":{"rendered":"<p>Los adhesivos y selladores estructurales de Retaprene se fabrican a partir de dos bases qu\u00edmicas: Epoxi y poliuretano, ya que presentan excelentes propiedades relacionadas con la mec\u00e1nica y a la qu\u00edmica, asegurando durabilidad y alta resistencia.<\/p>\n","protected":false},"featured_media":2396,"comment_status":"open","ping_status":"closed","template":"","meta":[],"product_cat":[32,18],"product_tag":[],"class_list":["post-3049","product","type-product","status-publish","has-post-thumbnail","hentry","product_cat-adhesivos-y-selladores","product_cat-isolamento-termico"],"acf":[],"_links":{"self":[{"href":"https:\/\/retaprene.com\/es\/wp-json\/wp\/v2\/product\/3049","targetHints":{"allow":["GET"]}}],"collection":[{"href":"https:\/\/retaprene.com\/es\/wp-json\/wp\/v2\/product"}],"about":[{"href":"https:\/\/retaprene.com\/es\/wp-json\/wp\/v2\/types\/product"}],"replies":[{"embeddable":true,"href":"https:\/\/retaprene.com\/es\/wp-json\/wp\/v2\/comments?post=3049"}],"wp:featuredmedia":[{"embeddable":true,"href":"https:\/\/retaprene.com\/es\/wp-json\/wp\/v2\/media\/2396"}],"wp:attachment":[{"href":"https:\/\/retaprene.com\/es\/wp-json\/wp\/v2\/media?parent=3049"}],"wp:term":[{"taxonomy":"product_cat","embeddable":true,"href":"https:\/\/retaprene.com\/es\/wp-json\/wp\/v2\/product_cat?post=3049"},{"taxonomy":"product_tag","embeddable":true,"href":"https:\/\/retaprene.com\/es\/wp-json\/wp\/v2\/product_tag?post=3049"}],"curies":[{"name":"wp","href":"https:\/\/api.w.org\/{rel}","templated":true}]}}