{"id":3048,"date":"2023-09-11T16:46:34","date_gmt":"2023-09-11T19:46:34","guid":{"rendered":"https:\/\/retaprene.com\/novo02\/?post_type=product&#038;p=3048"},"modified":"2023-10-02T12:12:22","modified_gmt":"2023-10-02T15:12:22","slug":"https-retaprene-com-novo02-produto-cola-colorida-para-madeira-tacos-assoalho-parquets-4540-kg","status":"publish","type":"product","link":"https:\/\/retaprene.com\/es\/produto\/https-retaprene-com-novo02-produto-cola-colorida-para-madeira-tacos-assoalho-parquets-4540-kg\/","title":{"rendered":"Pegamento de colores para Madera (Tacos \/ Assoalhos \/ Parquet) &#8211; 4.540 KG"},"content":{"rendered":"<p>Ideal para calafatear pisos de madera (Tacos, Assoalhos, Parquets, etc.)<\/p>\n<p><strong>CONTENIDO:<\/strong><\/p>\n<p>1 Kit de Retapur de Colores de 4.540kg<\/p>\n<p>Siendo 4kg del Componente A y 0,540kg del Componente B<\/p>\n<p>Proporci\u00f3n de mezcla: 100 g (A): 13,5 g (B)<\/p>\n<p>+ Accesorios: esp\u00e1tula dentada, guantes y batidora.<\/p>\n","protected":false},"excerpt":{"rendered":"<p>Los adhesivos y selladores estructurales de Retaprene se fabrican a partir de dos bases qu\u00edmicas: Epoxi y poliuretano, ya que presentan excelentes propiedades relacionadas con la mec\u00e1nica y a la qu\u00edmica, asegurando durabilidad y alta resistencia.<\/p>\n","protected":false},"featured_media":2360,"comment_status":"open","ping_status":"closed","template":"","meta":[],"product_cat":[32],"product_tag":[],"class_list":["post-3048","product","type-product","status-publish","has-post-thumbnail","hentry","product_cat-adhesivos-y-selladores"],"acf":[],"_links":{"self":[{"href":"https:\/\/retaprene.com\/es\/wp-json\/wp\/v2\/product\/3048","targetHints":{"allow":["GET"]}}],"collection":[{"href":"https:\/\/retaprene.com\/es\/wp-json\/wp\/v2\/product"}],"about":[{"href":"https:\/\/retaprene.com\/es\/wp-json\/wp\/v2\/types\/product"}],"replies":[{"embeddable":true,"href":"https:\/\/retaprene.com\/es\/wp-json\/wp\/v2\/comments?post=3048"}],"wp:featuredmedia":[{"embeddable":true,"href":"https:\/\/retaprene.com\/es\/wp-json\/wp\/v2\/media\/2360"}],"wp:attachment":[{"href":"https:\/\/retaprene.com\/es\/wp-json\/wp\/v2\/media?parent=3048"}],"wp:term":[{"taxonomy":"product_cat","embeddable":true,"href":"https:\/\/retaprene.com\/es\/wp-json\/wp\/v2\/product_cat?post=3048"},{"taxonomy":"product_tag","embeddable":true,"href":"https:\/\/retaprene.com\/es\/wp-json\/wp\/v2\/product_tag?post=3048"}],"curies":[{"name":"wp","href":"https:\/\/api.w.org\/{rel}","templated":true}]}}