{"id":3045,"date":"2023-09-11T16:46:36","date_gmt":"2023-09-11T19:46:36","guid":{"rendered":"https:\/\/retaprene.com\/novo02\/?post_type=product&#038;p=3045"},"modified":"2023-10-09T11:45:28","modified_gmt":"2023-10-09T14:45:28","slug":"adhesivo-estructural-epoxi","status":"publish","type":"product","link":"https:\/\/retaprene.com\/es\/produto\/adhesivo-estructural-epoxi\/","title":{"rendered":"Adhesivo Estructural ep\u00f3xi"},"content":{"rendered":"<p>Adhesivo Estructural Epoxi, ideal para pegar acero al carbono, madera, c\u00e9sped sint\u00e9tico, tacos, assoalhos, contrachapados, parquet, pisos, pisos engomados, l\u00e1mina de acero, canalones, cer\u00e1mica\/hormig\u00f3n, cemento, piedras porosas, aluminio, cobre, metales en general, pl\u00e1sticos no olef\u00ednicos, entre otros.<\/p>\n<p>El tiempo de manipulaci\u00f3n del producto (vida \u00fatil) es de aproximadamente 25 a 30 minutos y el curado COMPLETO es de 24 horas.<\/p>\n<p><strong>Proporci\u00f3n de mezcla:<\/strong> 100 g (A): 18 g (B)<\/p>\n<p>M\u00e9todo de preparaci\u00f3n\/uso al enviar el producto.<\/p>\n","protected":false},"excerpt":{"rendered":"<p>Adhesivo Estructural Epoxi, ideal para pegar acero al carbono, madera, c\u00e9sped sint\u00e9tico, tacos, assoalhos, contrachapados, parquet, pisos, pisos engomados, l\u00e1mina de acero, canalones, cer\u00e1mica\/hormig\u00f3n, cemento, piedras porosas, aluminio, cobre, metales en general, pl\u00e1sticos no olef\u00ednicos, entre otros. El tiempo de manipulaci\u00f3n del producto (vida \u00fatil) es de aproximadamente 25 a 30 minutos y el curado [&hellip;]<\/p>\n","protected":false},"featured_media":2354,"comment_status":"open","ping_status":"closed","template":"","meta":[],"product_cat":[32],"product_tag":[],"class_list":["post-3045","product","type-product","status-publish","has-post-thumbnail","hentry","product_cat-adhesivos-y-selladores"],"acf":[],"_links":{"self":[{"href":"https:\/\/retaprene.com\/es\/wp-json\/wp\/v2\/product\/3045","targetHints":{"allow":["GET"]}}],"collection":[{"href":"https:\/\/retaprene.com\/es\/wp-json\/wp\/v2\/product"}],"about":[{"href":"https:\/\/retaprene.com\/es\/wp-json\/wp\/v2\/types\/product"}],"replies":[{"embeddable":true,"href":"https:\/\/retaprene.com\/es\/wp-json\/wp\/v2\/comments?post=3045"}],"wp:featuredmedia":[{"embeddable":true,"href":"https:\/\/retaprene.com\/es\/wp-json\/wp\/v2\/media\/2354"}],"wp:attachment":[{"href":"https:\/\/retaprene.com\/es\/wp-json\/wp\/v2\/media?parent=3045"}],"wp:term":[{"taxonomy":"product_cat","embeddable":true,"href":"https:\/\/retaprene.com\/es\/wp-json\/wp\/v2\/product_cat?post=3045"},{"taxonomy":"product_tag","embeddable":true,"href":"https:\/\/retaprene.com\/es\/wp-json\/wp\/v2\/product_tag?post=3045"}],"curies":[{"name":"wp","href":"https:\/\/api.w.org\/{rel}","templated":true}]}}