{"id":3042,"date":"2023-09-11T16:46:35","date_gmt":"2023-09-11T19:46:35","guid":{"rendered":"https:\/\/retaprene.com\/novo02\/?post_type=product&#038;p=3042"},"modified":"2023-10-02T11:29:55","modified_gmt":"2023-10-02T14:29:55","slug":"kit-para-pegar-cesped-sintetico-15m%c2%b2","status":"publish","type":"product","link":"https:\/\/retaprene.com\/es\/produto\/kit-para-pegar-cesped-sintetico-15m%c2%b2\/","title":{"rendered":"Kit para pegar c\u00e9sped sint\u00e9tico &#8211; 15M\u00b2"},"content":{"rendered":"<p>Retapur: Ideal para pegar poliestireno, madera, c\u00e9sped sint\u00e9tico, panel, EPS, parquet, pisos, contrachapados, tacos, pisos, pisos de engomado, l\u00e1mina de acero. canalones, cer\u00e1mica\/hormig\u00f3n, aluminio, metales cobrizos en general, tejas (poliestireno), pl\u00e1sticos no olef\u00ednicos, entre otros.<\/p>\n<p>Tape: Pegado de juntas de c\u00e9sped sint\u00e9tico sobre diferentes tipos de pavimentos: r\u00fastico, cementado y poroso; modificaciones para instalaci\u00f3n directa sobre el terreno, contrapiso cementado, r\u00fastico y poroso; Pisos fr\u00edos: cer\u00e1micos y porcelanatos.<\/p>\n<p><strong>Art\u00edculos del kit:<\/strong><\/p>\n<p>1 cubo de 15kg de pegamento PU bicomponente. Siendo 13,215kg de A y 1,785kg de B<\/p>\n<p>Tape \u2013 125 metros lineales<\/p>\n","protected":false},"excerpt":{"rendered":"<p>Los adhesivos y selladores estructurales de Retaprene se fabrican a partir de dos bases qu\u00edmicas: Epoxi y poliuretano, ya que presentan excelentes propiedades relacionadas con la mec\u00e1nica y a la qu\u00edmica, asegurando durabilidad y alta resistencia.<\/p>\n","protected":false},"featured_media":2618,"comment_status":"open","ping_status":"closed","template":"","meta":[],"product_cat":[32],"product_tag":[],"class_list":["post-3042","product","type-product","status-publish","has-post-thumbnail","hentry","product_cat-adhesivos-y-selladores"],"acf":[],"_links":{"self":[{"href":"https:\/\/retaprene.com\/es\/wp-json\/wp\/v2\/product\/3042","targetHints":{"allow":["GET"]}}],"collection":[{"href":"https:\/\/retaprene.com\/es\/wp-json\/wp\/v2\/product"}],"about":[{"href":"https:\/\/retaprene.com\/es\/wp-json\/wp\/v2\/types\/product"}],"replies":[{"embeddable":true,"href":"https:\/\/retaprene.com\/es\/wp-json\/wp\/v2\/comments?post=3042"}],"wp:featuredmedia":[{"embeddable":true,"href":"https:\/\/retaprene.com\/es\/wp-json\/wp\/v2\/media\/2618"}],"wp:attachment":[{"href":"https:\/\/retaprene.com\/es\/wp-json\/wp\/v2\/media?parent=3042"}],"wp:term":[{"taxonomy":"product_cat","embeddable":true,"href":"https:\/\/retaprene.com\/es\/wp-json\/wp\/v2\/product_cat?post=3042"},{"taxonomy":"product_tag","embeddable":true,"href":"https:\/\/retaprene.com\/es\/wp-json\/wp\/v2\/product_tag?post=3042"}],"curies":[{"name":"wp","href":"https:\/\/api.w.org\/{rel}","templated":true}]}}