{"id":3041,"date":"2023-09-11T16:46:35","date_gmt":"2023-09-11T19:46:35","guid":{"rendered":"https:\/\/retaprene.com\/novo02\/?post_type=product&#038;p=3041"},"modified":"2023-10-02T11:27:46","modified_gmt":"2023-10-02T14:27:46","slug":"kit-de-cesped-sintetico-retapur-cesped-40kg-tape-125-maestros-lineares","status":"publish","type":"product","link":"https:\/\/retaprene.com\/es\/produto\/kit-de-cesped-sintetico-retapur-cesped-40kg-tape-125-maestros-lineares\/","title":{"rendered":"Kit de c\u00e9sped sint\u00e9tico | Retapur c\u00e9sped 40KG + Tape 125 Maestros Lineares"},"content":{"rendered":"<p>Retapur: Ideal para pegar poliestireno, madera, c\u00e9sped sint\u00e9tico, panel, EPS, parquet, pisos, contrachapados, tacos, pisos, pisos de engomado, l\u00e1mina de acero. canalones, cer\u00e1mica\/hormig\u00f3n, aluminio, metales cobrizos en general, tejas (poliestireno), pl\u00e1sticos no olef\u00ednicos, entre otros.<\/p>\n<p>Tape: Pegado de juntas de c\u00e9sped sint\u00e9tico sobre diferentes tipos de pavimentos: r\u00fastico, cementado y poroso; modificaciones para instalaci\u00f3n directa sobre el terreno, contrapiso cementado, r\u00fastico y poroso; Pisos fr\u00edos: cer\u00e1micos y porcelanatos.<\/p>\n","protected":false},"excerpt":{"rendered":"<p>Los adhesivos y selladores estructurales de Retaprene se fabrican a partir de dos bases qu\u00edmicas: Epoxi y poliuretano, ya que presentan excelentes propiedades relacionadas con la mec\u00e1nica y a la qu\u00edmica, asegurando durabilidad y alta resistencia.<\/p>\n","protected":false},"featured_media":2621,"comment_status":"open","ping_status":"closed","template":"","meta":[],"product_cat":[32],"product_tag":[],"class_list":["post-3041","product","type-product","status-publish","has-post-thumbnail","hentry","product_cat-adhesivos-y-selladores"],"acf":[],"_links":{"self":[{"href":"https:\/\/retaprene.com\/es\/wp-json\/wp\/v2\/product\/3041","targetHints":{"allow":["GET"]}}],"collection":[{"href":"https:\/\/retaprene.com\/es\/wp-json\/wp\/v2\/product"}],"about":[{"href":"https:\/\/retaprene.com\/es\/wp-json\/wp\/v2\/types\/product"}],"replies":[{"embeddable":true,"href":"https:\/\/retaprene.com\/es\/wp-json\/wp\/v2\/comments?post=3041"}],"wp:featuredmedia":[{"embeddable":true,"href":"https:\/\/retaprene.com\/es\/wp-json\/wp\/v2\/media\/2621"}],"wp:attachment":[{"href":"https:\/\/retaprene.com\/es\/wp-json\/wp\/v2\/media?parent=3041"}],"wp:term":[{"taxonomy":"product_cat","embeddable":true,"href":"https:\/\/retaprene.com\/es\/wp-json\/wp\/v2\/product_cat?post=3041"},{"taxonomy":"product_tag","embeddable":true,"href":"https:\/\/retaprene.com\/es\/wp-json\/wp\/v2\/product_tag?post=3041"}],"curies":[{"name":"wp","href":"https:\/\/api.w.org\/{rel}","templated":true}]}}