{"id":3022,"date":"2023-09-11T16:46:35","date_gmt":"2023-09-11T19:46:35","guid":{"rendered":"https:\/\/retaprene.com\/novo02\/?post_type=product&#038;p=3022"},"modified":"2023-09-29T15:18:24","modified_gmt":"2023-09-29T18:18:24","slug":"kit-super-pegamento-pu-para-madera-tacos-assoalhos-35-cubos","status":"publish","type":"product","link":"https:\/\/retaprene.com\/es\/produto\/kit-super-pegamento-pu-para-madera-tacos-assoalhos-35-cubos\/","title":{"rendered":"Kit Super Pegamento Pu para Madera (tacos \/ assoalhos) &#8211; 35 Cubos"},"content":{"rendered":"<p><strong>KIT\/COMBO:<\/strong><\/p>\n<p>35 cubos de 4,540 kg de Pegamento Bicomponente<\/p>\n<p>Siendo 140 kg del Componente A y 18,9 kg del Componente B<\/p>\n<p>Proporci\u00f3n de mezcla: 100 g (A): 13,5 g (B)<\/p>\n<p>+ Accesorios: H\u00e9lice, brida para cables, guantes y bolsa de pl\u00e1stico.<\/p>\n","protected":false},"excerpt":{"rendered":"<p>Los adhesivos y selladores estructurales de Retaprene se fabrican a partir de dos bases qu\u00edmicas: Epoxi y poliuretano, ya que presentan excelentes propiedades relacionadas con la mec\u00e1nica y a la qu\u00edmica, asegurando durabilidad y alta resistencia.<\/p>\n","protected":false},"featured_media":2648,"comment_status":"open","ping_status":"closed","template":"","meta":[],"product_cat":[32,18],"product_tag":[],"class_list":["post-3022","product","type-product","status-publish","has-post-thumbnail","hentry","product_cat-adhesivos-y-selladores","product_cat-isolamento-termico"],"acf":[],"_links":{"self":[{"href":"https:\/\/retaprene.com\/es\/wp-json\/wp\/v2\/product\/3022","targetHints":{"allow":["GET"]}}],"collection":[{"href":"https:\/\/retaprene.com\/es\/wp-json\/wp\/v2\/product"}],"about":[{"href":"https:\/\/retaprene.com\/es\/wp-json\/wp\/v2\/types\/product"}],"replies":[{"embeddable":true,"href":"https:\/\/retaprene.com\/es\/wp-json\/wp\/v2\/comments?post=3022"}],"wp:featuredmedia":[{"embeddable":true,"href":"https:\/\/retaprene.com\/es\/wp-json\/wp\/v2\/media\/2648"}],"wp:attachment":[{"href":"https:\/\/retaprene.com\/es\/wp-json\/wp\/v2\/media?parent=3022"}],"wp:term":[{"taxonomy":"product_cat","embeddable":true,"href":"https:\/\/retaprene.com\/es\/wp-json\/wp\/v2\/product_cat?post=3022"},{"taxonomy":"product_tag","embeddable":true,"href":"https:\/\/retaprene.com\/es\/wp-json\/wp\/v2\/product_tag?post=3022"}],"curies":[{"name":"wp","href":"https:\/\/api.w.org\/{rel}","templated":true}]}}