{"id":3017,"date":"2023-09-11T16:46:36","date_gmt":"2023-09-11T19:46:36","guid":{"rendered":"https:\/\/retaprene.com\/novo02\/?post_type=product&#038;p=3017"},"modified":"2023-09-29T15:13:58","modified_gmt":"2023-09-29T18:13:58","slug":"kit-super-pegamento-retapur-para-tejas-9-cubos","status":"publish","type":"product","link":"https:\/\/retaprene.com\/es\/produto\/kit-super-pegamento-retapur-para-tejas-9-cubos\/","title":{"rendered":"Kit Super Pegamento Retapur para tejas &#8211; 9 Cubos"},"content":{"rendered":"<p>Ideal para pegar poliestireno, madera, c\u00e9sped sint\u00e9tico, panel, EPS, parquet, pisos, contrachapados, tacos, pisos, pisos de engomado, l\u00e1mina de acero. canalones, cer\u00e1mica\/hormig\u00f3n, aluminio, metales cobrizos en general, tejas (poliestireno), pl\u00e1sticos no olef\u00ednicos, entre otros.<\/p>\n<p>Tiempo de manipulaci\u00f3n del producto (vida \u00fatil) es de aproximadamente 25 a 30 minutos y el curado completo es de 24 horas.<\/p>\n<p>C\u00f3mo prepararlo\/utilizarlo en el embalaje del producto.<\/p>\n<p><strong>KIT\/COMBO:<\/strong><\/p>\n<p>9 cubos de 4,540 kg de Pegamento Bicomponente<\/p>\n<p>Siendo 36 kg del Componente A y 4,86 kg del Componente B<\/p>\n<p>Proporci\u00f3n de mezcla: 100 g (A): 13,5 g (B)<\/p>\n<p>+ Accesorios: H\u00e9lice, brida para cables, guantes y bolsa de pl\u00e1stico.<\/p>\n","protected":false},"excerpt":{"rendered":"<p>Los adhesivos y selladores estructurales de Retaprene se fabrican a partir de dos bases qu\u00edmicas: Epoxi y poliuretano, ya que presentan excelentes propiedades relacionadas con la mec\u00e1nica y a la qu\u00edmica, asegurando durabilidad y alta resistencia.<\/p>\n","protected":false},"featured_media":2654,"comment_status":"open","ping_status":"closed","template":"","meta":[],"product_cat":[32,18],"product_tag":[],"class_list":["post-3017","product","type-product","status-publish","has-post-thumbnail","hentry","product_cat-adhesivos-y-selladores","product_cat-isolamento-termico"],"acf":[],"_links":{"self":[{"href":"https:\/\/retaprene.com\/es\/wp-json\/wp\/v2\/product\/3017","targetHints":{"allow":["GET"]}}],"collection":[{"href":"https:\/\/retaprene.com\/es\/wp-json\/wp\/v2\/product"}],"about":[{"href":"https:\/\/retaprene.com\/es\/wp-json\/wp\/v2\/types\/product"}],"replies":[{"embeddable":true,"href":"https:\/\/retaprene.com\/es\/wp-json\/wp\/v2\/comments?post=3017"}],"wp:featuredmedia":[{"embeddable":true,"href":"https:\/\/retaprene.com\/es\/wp-json\/wp\/v2\/media\/2654"}],"wp:attachment":[{"href":"https:\/\/retaprene.com\/es\/wp-json\/wp\/v2\/media?parent=3017"}],"wp:term":[{"taxonomy":"product_cat","embeddable":true,"href":"https:\/\/retaprene.com\/es\/wp-json\/wp\/v2\/product_cat?post=3017"},{"taxonomy":"product_tag","embeddable":true,"href":"https:\/\/retaprene.com\/es\/wp-json\/wp\/v2\/product_tag?post=3017"}],"curies":[{"name":"wp","href":"https:\/\/api.w.org\/{rel}","templated":true}]}}