{"id":3016,"date":"2023-09-11T16:48:40","date_gmt":"2023-09-11T19:48:40","guid":{"rendered":"https:\/\/retaprene.com\/novo02\/?post_type=product&#038;p=3016"},"modified":"2023-12-14T10:01:15","modified_gmt":"2023-12-14T13:01:15","slug":"revestimiento-acustico-para-tejas-retatherm-1-unidad-de-3-350kg","status":"publish","type":"product","link":"https:\/\/retaprene.com\/es\/produto\/revestimiento-acustico-para-tejas-retatherm-1-unidad-de-3-350kg\/","title":{"rendered":"Revestimiento Ac\u00fastico para Tejas Retatherm &#8211; 1 Unidad de 3.350Kg"},"content":{"rendered":"<p>Producto bicomponente, que presenta caracter\u00edsticas termoac\u00fasticas y impermeabilizantes. Aplicado a cubiertas y losas. Retatherm se aplica l\u00edquido y despu\u00e9s de unos minutos de aplicaci\u00f3n se expande en una proporci\u00f3n de 4:1, penetrando en huecos y agujeros, generando la impermeabilizaci\u00f3n necesaria. Este recubrimiento es una protecci\u00f3n definitiva con alta resistencia mec\u00e1nica y es completamente impermeable.<\/p>\n<p>Retatherm es una resina que tiene las propiedades ideales para aislar t\u00e9rmica y ac\u00fasticamente cubiertas y paredes que sufren la exposici\u00f3n al sol o cualquier otra fuente de calor. Tiene excelente adherencia, por lo que se puede aplicar sobre diversos sustratos, tales como; metales, fibrocemento, hormig\u00f3n, madera, pl\u00e1sticos, entre otros.<\/p>\n<p>El acabado final deja una superficie aluminizada, que ayuda a reflejar los rayos solares y genera una superficie homog\u00e9nea y de excelente apariencia.<\/p>\n","protected":false},"excerpt":{"rendered":"<p>Producto bicomponente, que presenta caracter\u00edsticas termoac\u00fasticas y impermeabilizantes. Aplicado a cubiertas y losas. Retatherm se aplica l\u00edquido y despu\u00e9s de unos minutos de aplicaci\u00f3n se expande en una proporci\u00f3n de 4:1, penetrando en huecos y agujeros, generando la impermeabilizaci\u00f3n necesaria. Este recubrimiento es una protecci\u00f3n definitiva con alta resistencia mec\u00e1nica y es completamente impermeable. Retatherm [&hellip;]<\/p>\n","protected":false},"featured_media":2800,"comment_status":"open","ping_status":"closed","template":"","meta":[],"product_cat":[37],"product_tag":[],"class_list":["post-3016","product","type-product","status-publish","has-post-thumbnail","hentry","product_cat-aislamiento-termico"],"acf":[],"_links":{"self":[{"href":"https:\/\/retaprene.com\/es\/wp-json\/wp\/v2\/product\/3016","targetHints":{"allow":["GET"]}}],"collection":[{"href":"https:\/\/retaprene.com\/es\/wp-json\/wp\/v2\/product"}],"about":[{"href":"https:\/\/retaprene.com\/es\/wp-json\/wp\/v2\/types\/product"}],"replies":[{"embeddable":true,"href":"https:\/\/retaprene.com\/es\/wp-json\/wp\/v2\/comments?post=3016"}],"wp:featuredmedia":[{"embeddable":true,"href":"https:\/\/retaprene.com\/es\/wp-json\/wp\/v2\/media\/2800"}],"wp:attachment":[{"href":"https:\/\/retaprene.com\/es\/wp-json\/wp\/v2\/media?parent=3016"}],"wp:term":[{"taxonomy":"product_cat","embeddable":true,"href":"https:\/\/retaprene.com\/es\/wp-json\/wp\/v2\/product_cat?post=3016"},{"taxonomy":"product_tag","embeddable":true,"href":"https:\/\/retaprene.com\/es\/wp-json\/wp\/v2\/product_tag?post=3016"}],"curies":[{"name":"wp","href":"https:\/\/api.w.org\/{rel}","templated":true}]}}