{"id":3013,"date":"2023-09-11T16:47:00","date_gmt":"2023-09-11T19:47:00","guid":{"rendered":"https:\/\/retaprene.com\/novo02\/?post_type=product&#038;p=3013"},"modified":"2023-10-09T11:47:15","modified_gmt":"2023-10-09T14:47:15","slug":"repelente-al-agua-para-paredes-fachadas-estructuras-de-hormigon-3-6l","status":"publish","type":"product","link":"https:\/\/retaprene.com\/es\/produto\/repelente-al-agua-para-paredes-fachadas-estructuras-de-hormigon-3-6l\/","title":{"rendered":"Repelente al Agua para Paredes \/ Fachadas \/ Estructuras de Hormig\u00f3n 3.6L"},"content":{"rendered":"<p>Te presentamos RETASKIN, la soluci\u00f3n ideal para proteger y preservar tus superficies verticales porosas. Es una resina hidrofugante a base de poliuretano dispersado en agua, que garantiza una protecci\u00f3n eficaz contra los elementos externos.<\/p>\n<p>Tableros de fibrocemento;<\/p>\n<p>Paredes cubiertas de graffitis y texturas dise\u00f1adas;<\/p>\n<p>Estructuras de hormig\u00f3n;<\/p>\n<p>Ladrillos y bloques de hormig\u00f3n.<\/p>\n<p><strong>Informaciones importantes:<\/strong><\/p>\n<p>\u2013 Producto no apto para superficies lisas, como: cer\u00e1mica o porcelana;<\/p>\n<p>\u2013 No aplicable en d\u00edas de lluvia;<\/p>\n<p>\u2013 No utilizar sobre superficies con resinas desconocidas aplicadas.<\/p>\n<p>Invierta en la protecci\u00f3n y longevidad de sus superficies verticales porosas con RETASKIN. Su durabilidad, resistencia y f\u00e1cil aplicaci\u00f3n marcar\u00e1n la diferencia, garantizando la conservaci\u00f3n y est\u00e9tica impecable de sus estructuras. Compra ahora y disfruta de todos los beneficios de este excelente producto.<\/p>\n","protected":false},"excerpt":{"rendered":"<p>La impermeabilizaci\u00f3n se realiza como uno de los procesos m\u00e1s eficientes para quien desea tener una superficie lisa, libre de corrosi\u00f3n, rupturas y protegida de los efectos del tiempo como el desgaste, adem\u00e1s de una barrera eficiente contra los microorganismos. Para garantizar todas estas ventajas, Retaprene utiliza poliuretano (PU), un material reconocido por su calidad y larga durabilidad.<\/p>\n","protected":false},"featured_media":2417,"comment_status":"open","ping_status":"closed","template":"","meta":[],"product_cat":[36],"product_tag":[],"class_list":["post-3013","product","type-product","status-publish","has-post-thumbnail","hentry","product_cat-impermeabilizacion"],"acf":[],"_links":{"self":[{"href":"https:\/\/retaprene.com\/es\/wp-json\/wp\/v2\/product\/3013","targetHints":{"allow":["GET"]}}],"collection":[{"href":"https:\/\/retaprene.com\/es\/wp-json\/wp\/v2\/product"}],"about":[{"href":"https:\/\/retaprene.com\/es\/wp-json\/wp\/v2\/types\/product"}],"replies":[{"embeddable":true,"href":"https:\/\/retaprene.com\/es\/wp-json\/wp\/v2\/comments?post=3013"}],"wp:featuredmedia":[{"embeddable":true,"href":"https:\/\/retaprene.com\/es\/wp-json\/wp\/v2\/media\/2417"}],"wp:attachment":[{"href":"https:\/\/retaprene.com\/es\/wp-json\/wp\/v2\/media?parent=3013"}],"wp:term":[{"taxonomy":"product_cat","embeddable":true,"href":"https:\/\/retaprene.com\/es\/wp-json\/wp\/v2\/product_cat?post=3013"},{"taxonomy":"product_tag","embeddable":true,"href":"https:\/\/retaprene.com\/es\/wp-json\/wp\/v2\/product_tag?post=3013"}],"curies":[{"name":"wp","href":"https:\/\/api.w.org\/{rel}","templated":true}]}}