{"id":3011,"date":"2023-09-11T16:47:00","date_gmt":"2023-09-11T19:47:00","guid":{"rendered":"https:\/\/retaprene.com\/novo02\/?post_type=product&#038;p=3011"},"modified":"2023-09-29T15:05:17","modified_gmt":"2023-09-29T18:05:17","slug":"repelente-al-agua-para-pisos-losa-madera-piso-polimerico-18l","status":"publish","type":"product","link":"https:\/\/retaprene.com\/es\/produto\/repelente-al-agua-para-pisos-losa-madera-piso-polimerico-18l\/","title":{"rendered":"Repelente al Agua para Pisos \/ Losa \/ Madera \/ Piso Polim\u00e9rico 18L"},"content":{"rendered":"<p>\u00a1Transforma tus espacios con el poder de RETASKIN Piso! Te presentamos la soluci\u00f3n perfecta para proteger y impermeabilizar tus superficies porosas, revolucionando tu entorno. RETASKIN Piso es el secreto para garantizar la durabilidad y resistencia que siempre has deseado. Su f\u00f3rmula a base de poliuretano en emulsi\u00f3n acuosa es la combinaci\u00f3n perfecta entre eficacia y facilidad de uso. \u00a1Simplemente apl\u00edcalo y disfruta de los incre\u00edbles resultados!<\/p>\n<p>&#8211; piso de hormig\u00f3n;<\/p>\n<p>&#8211; Losa sin tr\u00e1fico de personas;<\/p>\n<p>&#8211; Piso polim\u00e9rico;<\/p>\n<p>&#8211; Maderas.<\/p>\n<p><strong>Informaciones importantes:<\/strong><\/p>\n<p>\u2013 Producto no apto para superficies lisas, como: cer\u00e1mica o porcelana;<\/p>\n<p>\u2013 No aplicable en d\u00edas de lluvia;<\/p>\n<p>\u2013 No utilizar sobre superficies con resinas desconocidas aplicadas.<\/p>\n<p>Invierta en la protecci\u00f3n y longevidad de sus superficies verticales porosas con RETASKIN. Su durabilidad, resistencia y f\u00e1cil aplicaci\u00f3n marcar\u00e1n la diferencia, garantizando la conservaci\u00f3n y est\u00e9tica impecable de sus estructuras. Compra ahora y disfruta de todos los beneficios de este excelente producto.<\/p>\n","protected":false},"excerpt":{"rendered":"<p>La impermeabilizaci\u00f3n se realiza como uno de los procesos m\u00e1s eficientes para quien desea tener una superficie lisa, libre de corrosi\u00f3n, rupturas y protegida de los efectos del tiempo como el desgaste, adem\u00e1s de una barrera eficiente contra los microorganismos. Para garantizar todas estas ventajas, Retaprene utiliza poliuretano (PU), un material reconocido por su calidad y larga durabilidad.<\/p>\n","protected":false},"featured_media":2426,"comment_status":"open","ping_status":"closed","template":"","meta":[],"product_cat":[36],"product_tag":[],"class_list":["post-3011","product","type-product","status-publish","has-post-thumbnail","hentry","product_cat-impermeabilizacion"],"acf":[],"_links":{"self":[{"href":"https:\/\/retaprene.com\/es\/wp-json\/wp\/v2\/product\/3011","targetHints":{"allow":["GET"]}}],"collection":[{"href":"https:\/\/retaprene.com\/es\/wp-json\/wp\/v2\/product"}],"about":[{"href":"https:\/\/retaprene.com\/es\/wp-json\/wp\/v2\/types\/product"}],"replies":[{"embeddable":true,"href":"https:\/\/retaprene.com\/es\/wp-json\/wp\/v2\/comments?post=3011"}],"wp:featuredmedia":[{"embeddable":true,"href":"https:\/\/retaprene.com\/es\/wp-json\/wp\/v2\/media\/2426"}],"wp:attachment":[{"href":"https:\/\/retaprene.com\/es\/wp-json\/wp\/v2\/media?parent=3011"}],"wp:term":[{"taxonomy":"product_cat","embeddable":true,"href":"https:\/\/retaprene.com\/es\/wp-json\/wp\/v2\/product_cat?post=3011"},{"taxonomy":"product_tag","embeddable":true,"href":"https:\/\/retaprene.com\/es\/wp-json\/wp\/v2\/product_tag?post=3011"}],"curies":[{"name":"wp","href":"https:\/\/api.w.org\/{rel}","templated":true}]}}