{"id":2996,"date":"2023-09-11T16:47:00","date_gmt":"2023-09-11T19:47:00","guid":{"rendered":"https:\/\/retaprene.com\/novo02\/?post_type=product&#038;p=2996"},"modified":"2023-09-29T14:46:49","modified_gmt":"2023-09-29T17:46:49","slug":"aislante-termo-acustico-para-techos-3350kg","status":"publish","type":"product","link":"https:\/\/retaprene.com\/es\/produto\/aislante-termo-acustico-para-techos-3350kg\/","title":{"rendered":"Aislante Termo Ac\u00fastico para Techos 3,350Kg"},"content":{"rendered":"<p>Producto bicomponente, que presenta caracter\u00edsticas termoac\u00fasticas y impermeabilizantes. Aplicado a cubiertas y losas. Retatherm se aplica l\u00edquido y despu\u00e9s de unos minutos de aplicaci\u00f3n se expande en una proporci\u00f3n de 4:1, penetrando en huecos y agujeros, generando la impermeabilizaci\u00f3n necesaria. Este recubrimiento es una protecci\u00f3n definitiva con alta resistencia mec\u00e1nica y es completamente impermeable.<\/p>\n<p>Rethaterm es un poliuretano de alta resistencia, fabricado para ser aplicado sobre diversos tipos de superficies (tejado, subsuelo, etc.). Es la mejor forma de impermeabilizaci\u00f3n, aislamiento t\u00e9rmico y ac\u00fastico. Y como tiene una gran adherencia, tambi\u00e9n protege contra la oxidaci\u00f3n.<\/p>\n<p>Retatherm es una resina fabricada por Retapol que tiene las propiedades ideales para aislar t\u00e9rmica y ac\u00fasticamente cubiertas y paredes que sufren la exposici\u00f3n al sol o cualquier otra fuente de calor. Tiene excelente adherencia, por lo que se puede aplicar sobre diversos sustratos, tales como; metales, fibrocemento, hormig\u00f3n, madera, pl\u00e1sticos, entre otros.<\/p>\n<p>El acabado final deja una superficie aluminizada, que ayuda a reflejar los rayos solares y genera una superficie homog\u00e9nea y de excelente apariencia.<\/p>\n<p>&nbsp;<\/p>\n<p><strong>Embalaje:<\/strong> 1 cubo de 3.350 kg (Componente A+B).<\/p>\n","protected":false},"excerpt":{"rendered":"<p>La impermeabilizaci\u00f3n se realiza como uno de los procesos m\u00e1s eficientes para quien desea tener una superficie lisa, libre de corrosi\u00f3n, rupturas y protegida de los efectos del tiempo como el desgaste, adem\u00e1s de una barrera eficiente contra los microorganismos. Para garantizar todas estas ventajas, Retaprene utiliza poliuretano (PU), un material reconocido por su calidad y larga durabilidad.<\/p>\n","protected":false},"featured_media":2444,"comment_status":"open","ping_status":"closed","template":"","meta":[],"product_cat":[36],"product_tag":[],"class_list":["post-2996","product","type-product","status-publish","has-post-thumbnail","hentry","product_cat-impermeabilizacion"],"acf":[],"_links":{"self":[{"href":"https:\/\/retaprene.com\/es\/wp-json\/wp\/v2\/product\/2996","targetHints":{"allow":["GET"]}}],"collection":[{"href":"https:\/\/retaprene.com\/es\/wp-json\/wp\/v2\/product"}],"about":[{"href":"https:\/\/retaprene.com\/es\/wp-json\/wp\/v2\/types\/product"}],"replies":[{"embeddable":true,"href":"https:\/\/retaprene.com\/es\/wp-json\/wp\/v2\/comments?post=2996"}],"wp:featuredmedia":[{"embeddable":true,"href":"https:\/\/retaprene.com\/es\/wp-json\/wp\/v2\/media\/2444"}],"wp:attachment":[{"href":"https:\/\/retaprene.com\/es\/wp-json\/wp\/v2\/media?parent=2996"}],"wp:term":[{"taxonomy":"product_cat","embeddable":true,"href":"https:\/\/retaprene.com\/es\/wp-json\/wp\/v2\/product_cat?post=2996"},{"taxonomy":"product_tag","embeddable":true,"href":"https:\/\/retaprene.com\/es\/wp-json\/wp\/v2\/product_tag?post=2996"}],"curies":[{"name":"wp","href":"https:\/\/api.w.org\/{rel}","templated":true}]}}