{"id":2994,"date":"2023-09-11T16:47:00","date_gmt":"2023-09-11T19:47:00","guid":{"rendered":"https:\/\/retaprene.com\/novo02\/?post_type=product&#038;p=2994"},"modified":"2023-09-29T14:45:21","modified_gmt":"2023-09-29T17:45:21","slug":"kit-impermeabilizacion-para-hormigon-6-350-kg-espatula","status":"publish","type":"product","link":"https:\/\/retaprene.com\/es\/produto\/kit-impermeabilizacion-para-hormigon-6-350-kg-espatula\/","title":{"rendered":"Kit Impermeabilizaci\u00f3n Para Hormig\u00f3n 6.350 Kg + Esp\u00e1tula"},"content":{"rendered":"<p>Retapol, perteneciente al Grupo Retaprene, con m\u00e1s de 17 a\u00f1os en el mercado, est\u00e1 especializada en la producci\u00f3n de poliuretano y resina epoxi para las m\u00e1s variadas aplicaciones, teniendo como objetivo atender todas las posibles patolog\u00edas que se presentan durante la construcci\u00f3n o mantenimiento de un inmueble. Garantizamos la calidad de nuestras resinas y ofrecemos el precio m\u00e1s bajo del mercado, con total seguridad en la compra y postventa con la emisi\u00f3n de factura.<\/p>\n<p>\u00a1Retal cre\u00f3 el kit de impermeabilizaci\u00f3n perfecto para cualquier infiltraci\u00f3n!<\/p>\n<p>&nbsp;<\/p>\n<p><strong>Descripci\u00f3n:<\/strong><\/p>\n<p>Coverprime es una resina de poliuretano bicomponente indicada para impermeabilizar losas, piscinas, dep\u00f3sitos, estaciones de tratamiento de agua, paredes, etc.<\/p>\n<p>Con la aplicaci\u00f3n de Coverprime, el cliente tiene acceso a material de alta calidad, elasticidad, resistencia a la rotura y a la abrasi\u00f3n. El ambiente se vuelve mucho m\u00e1s seguro frente a las infiltraciones, ya que se infiltra en grietas y agujeros del sustrato, asegurando el fin de las filtraciones.<\/p>\n<p>La proporci\u00f3n de mezcla es de 100 partes del componente \u00abA\u00bb y 34 partes del componente \u00abB\u00bb, Vida \u00fatil de la mezcla a 25\u00b0C por minuto entre 40 min y 50 min; Dureza Shore A entre 95 y 98; Curado completo dentro de las 24 horas posteriores a la aplicaci\u00f3n.<\/p>\n<p>Embalaje: 3,350 kg (Componente A+B). Siendo 2,500kg del Componente A y 0,850kg del Componente B<\/p>\n<p>\u2013 Primer, para que haya un mayor anclaje del poliuretano sobre el sustrato reci\u00e9n tratado, sugerimos aplicar una capa de primer en la superficie, siendo este un material m\u00e1s fluido para que sea posible una mayor penetraci\u00f3n del poliuretano sobre la porosidad del sustrato, sellando completamente la superficie. Esto es esencial para que Coverprime 1034 se adhiera al sustrato.<\/p>\n<p>Embalaje: 3 kg (Componente A+B). Siendo 2kg del Componente A y 1kg del Componente B.<\/p>\n<p>\u2013 Esp\u00e1tula dentada, para aplicaci\u00f3n de la resina, ideal para esparcir la resina autonivelante en espacios reducidos, \u00e1reas peque\u00f1as, disponible para alcanzar espesores de 1 a 5 mm.<\/p>\n<p>(Coverprime y Primer no son t\u00f3xicos, no contienen solventes y no tienen olor)<\/p>\n<p>&nbsp;<\/p>\n<p>\u00a1Agradecemos su confian\u00e7a y preferencia!<\/p>\n","protected":false},"excerpt":{"rendered":"<p>La impermeabilizaci\u00f3n se realiza como uno de los procesos m\u00e1s eficientes para quien desea tener una superficie lisa, libre de corrosi\u00f3n, rupturas y protegida de los efectos del tiempo como el desgaste, adem\u00e1s de una barrera eficiente contra los microorganismos. Para garantizar todas estas ventajas, Retaprene utiliza poliuretano (PU), un material reconocido por su calidad y larga durabilidad.<\/p>\n","protected":false},"featured_media":2447,"comment_status":"open","ping_status":"closed","template":"","meta":[],"product_cat":[36],"product_tag":[],"class_list":["post-2994","product","type-product","status-publish","has-post-thumbnail","hentry","product_cat-impermeabilizacion"],"acf":[],"_links":{"self":[{"href":"https:\/\/retaprene.com\/es\/wp-json\/wp\/v2\/product\/2994","targetHints":{"allow":["GET"]}}],"collection":[{"href":"https:\/\/retaprene.com\/es\/wp-json\/wp\/v2\/product"}],"about":[{"href":"https:\/\/retaprene.com\/es\/wp-json\/wp\/v2\/types\/product"}],"replies":[{"embeddable":true,"href":"https:\/\/retaprene.com\/es\/wp-json\/wp\/v2\/comments?post=2994"}],"wp:featuredmedia":[{"embeddable":true,"href":"https:\/\/retaprene.com\/es\/wp-json\/wp\/v2\/media\/2447"}],"wp:attachment":[{"href":"https:\/\/retaprene.com\/es\/wp-json\/wp\/v2\/media?parent=2994"}],"wp:term":[{"taxonomy":"product_cat","embeddable":true,"href":"https:\/\/retaprene.com\/es\/wp-json\/wp\/v2\/product_cat?post=2994"},{"taxonomy":"product_tag","embeddable":true,"href":"https:\/\/retaprene.com\/es\/wp-json\/wp\/v2\/product_tag?post=2994"}],"curies":[{"name":"wp","href":"https:\/\/api.w.org\/{rel}","templated":true}]}}