{"id":2993,"date":"2023-09-11T16:47:00","date_gmt":"2023-09-11T19:47:00","guid":{"rendered":"https:\/\/retaprene.com\/novo02\/?post_type=product&#038;p=2993"},"modified":"2023-09-29T14:43:29","modified_gmt":"2023-09-29T17:43:29","slug":"primer-activador-de-superficies-1-kg","status":"publish","type":"product","link":"https:\/\/retaprene.com\/es\/produto\/primer-activador-de-superficies-1-kg\/","title":{"rendered":"Primer \/ Activador de Superficies 1 Kg"},"content":{"rendered":"<p>para que haya un mayor anclaje del poliuretano sobre el sustrato reci\u00e9n tratado, sugerimos aplicar una capa de primer en la superficie, siendo este un material m\u00e1s fluido para que sea posible una mayor penetraci\u00f3n del poliuretano sobre la porosidad del sustrato, sellando completamente la superficie. Esto es esencial para que Coverprime 1034 se adhiera al sustrato.<\/p>\n<p>Embalaje: 1 kg (Componente A+B).<\/p>\n","protected":false},"excerpt":{"rendered":"<p>La impermeabilizaci\u00f3n se realiza como uno de los procesos m\u00e1s eficientes para quien desea tener una superficie lisa, libre de corrosi\u00f3n, rupturas y protegida de los efectos del tiempo como el desgaste, adem\u00e1s de una barrera eficiente contra los microorganismos. Para garantizar todas estas ventajas, Retaprene utiliza poliuretano (PU), un material reconocido por su calidad y larga durabilidad.<\/p>\n","protected":false},"featured_media":2450,"comment_status":"open","ping_status":"closed","template":"","meta":[],"product_cat":[36],"product_tag":[],"class_list":["post-2993","product","type-product","status-publish","has-post-thumbnail","hentry","product_cat-impermeabilizacion"],"acf":[],"_links":{"self":[{"href":"https:\/\/retaprene.com\/es\/wp-json\/wp\/v2\/product\/2993","targetHints":{"allow":["GET"]}}],"collection":[{"href":"https:\/\/retaprene.com\/es\/wp-json\/wp\/v2\/product"}],"about":[{"href":"https:\/\/retaprene.com\/es\/wp-json\/wp\/v2\/types\/product"}],"replies":[{"embeddable":true,"href":"https:\/\/retaprene.com\/es\/wp-json\/wp\/v2\/comments?post=2993"}],"wp:featuredmedia":[{"embeddable":true,"href":"https:\/\/retaprene.com\/es\/wp-json\/wp\/v2\/media\/2450"}],"wp:attachment":[{"href":"https:\/\/retaprene.com\/es\/wp-json\/wp\/v2\/media?parent=2993"}],"wp:term":[{"taxonomy":"product_cat","embeddable":true,"href":"https:\/\/retaprene.com\/es\/wp-json\/wp\/v2\/product_cat?post=2993"},{"taxonomy":"product_tag","embeddable":true,"href":"https:\/\/retaprene.com\/es\/wp-json\/wp\/v2\/product_tag?post=2993"}],"curies":[{"name":"wp","href":"https:\/\/api.w.org\/{rel}","templated":true}]}}