{"id":2990,"date":"2023-09-11T16:47:00","date_gmt":"2023-09-11T19:47:00","guid":{"rendered":"https:\/\/retaprene.com\/novo02\/?post_type=product&#038;p=2990"},"modified":"2023-09-29T14:40:58","modified_gmt":"2023-09-29T17:40:58","slug":"rastrillo-dentado-40-cm-aluminio-reforzado-lamina-dentada-de-goma","status":"publish","type":"product","link":"https:\/\/retaprene.com\/es\/produto\/rastrillo-dentado-40-cm-aluminio-reforzado-lamina-dentada-de-goma\/","title":{"rendered":"Rastrillo dentado 40 cm Aluminio Reforzado + L\u00e1mina dentada de goma"},"content":{"rendered":"<p>Se utiliza para difundir resina y autonivelante. Posee sistema de cambio de cuchillas dentadas, permitiendo el cambio seg\u00fan su desgaste o el espesor deseado.<\/p>\n<p>Este nuevo modelo proporciona al aplicador una herramienta m\u00e1s ligera sin perder resistencia, este producto acepta la fijaci\u00f3n de l\u00e1minas dentadas en caucho o acero.<\/p>\n<p>Tiene una garra de fijaci\u00f3n antideslizante que evita el deslizamiento de la cuchilla dentada.<\/p>\n<p>Su nuevo soporte tambi\u00e9n cuenta con un stop final de carrera de las laminas garantizando mayor paralelismo de laminas flexibles.<\/p>\n","protected":false},"excerpt":{"rendered":"<p>La impermeabilizaci\u00f3n se realiza como uno de los procesos m\u00e1s eficientes para quien desea tener una superficie lisa, libre de corrosi\u00f3n, rupturas y protegida de los efectos del tiempo como el desgaste, adem\u00e1s de una barrera eficiente contra los microorganismos. Para garantizar todas estas ventajas, Retaprene utiliza poliuretano (PU), un material reconocido por su calidad y larga durabilidad.<\/p>\n","protected":false},"featured_media":2456,"comment_status":"open","ping_status":"closed","template":"","meta":[],"product_cat":[36],"product_tag":[],"class_list":["post-2990","product","type-product","status-publish","has-post-thumbnail","hentry","product_cat-impermeabilizacion"],"acf":[],"_links":{"self":[{"href":"https:\/\/retaprene.com\/es\/wp-json\/wp\/v2\/product\/2990","targetHints":{"allow":["GET"]}}],"collection":[{"href":"https:\/\/retaprene.com\/es\/wp-json\/wp\/v2\/product"}],"about":[{"href":"https:\/\/retaprene.com\/es\/wp-json\/wp\/v2\/types\/product"}],"replies":[{"embeddable":true,"href":"https:\/\/retaprene.com\/es\/wp-json\/wp\/v2\/comments?post=2990"}],"wp:featuredmedia":[{"embeddable":true,"href":"https:\/\/retaprene.com\/es\/wp-json\/wp\/v2\/media\/2456"}],"wp:attachment":[{"href":"https:\/\/retaprene.com\/es\/wp-json\/wp\/v2\/media?parent=2990"}],"wp:term":[{"taxonomy":"product_cat","embeddable":true,"href":"https:\/\/retaprene.com\/es\/wp-json\/wp\/v2\/product_cat?post=2990"},{"taxonomy":"product_tag","embeddable":true,"href":"https:\/\/retaprene.com\/es\/wp-json\/wp\/v2\/product_tag?post=2990"}],"curies":[{"name":"wp","href":"https:\/\/api.w.org\/{rel}","templated":true}]}}