{"id":2989,"date":"2023-09-11T16:47:26","date_gmt":"2023-09-11T19:47:26","guid":{"rendered":"https:\/\/retaprene.com\/novo02\/?post_type=product&#038;p=2989"},"modified":"2023-10-09T11:47:02","modified_gmt":"2023-10-09T14:47:02","slug":"rodillo-perforador-de-burbujas-30cm","status":"publish","type":"product","link":"https:\/\/retaprene.com\/es\/produto\/rodillo-perforador-de-burbujas-30cm\/","title":{"rendered":"Rodillo Perforador de Burbujas 30cm"},"content":{"rendered":"<p>El Rodillo Dupol Fura Burbujas es apto para diversas aplicaciones como: Porcel\u00e1nico Epoxi L\u00edquido, Pisos 3D, Mortero de Cemento Autonivelante, Poliuretano, entre otras resinas.<\/p>\n<p>Su uso es fundamental, ya que proporciona alto rendimiento y uniformidad en la aplicaci\u00f3n, reduce el tiempo de servicio, elimina las burbujas contenidas en la resina y proporciona un mejor acabado en aplicaciones de resinas sint\u00e9ticas y cemento.<\/p>\n<p>Soporte de Aluminio Reforzado para montaje de cables roscados est\u00e1ndar, nuevo modelo de soporte m\u00e1s ligero y resistente, proporciona mayor estabilidad, precisi\u00f3n y tiene gran durabilidad.<\/p>\n","protected":false},"excerpt":{"rendered":"<p>La impermeabilizaci\u00f3n se realiza como uno de los procesos m\u00e1s eficientes para quien desea tener una superficie lisa, libre de corrosi\u00f3n, rupturas y protegida de los efectos del tiempo como el desgaste, adem\u00e1s de una barrera eficiente contra los microorganismos. Para garantizar todas estas ventajas, Retaprene utiliza poliuretano (PU), un material reconocido por su calidad y larga durabilidad.<\/p>\n","protected":false},"featured_media":2459,"comment_status":"open","ping_status":"closed","template":"","meta":[],"product_cat":[36],"product_tag":[],"class_list":["post-2989","product","type-product","status-publish","has-post-thumbnail","hentry","product_cat-impermeabilizacion"],"acf":[],"_links":{"self":[{"href":"https:\/\/retaprene.com\/es\/wp-json\/wp\/v2\/product\/2989","targetHints":{"allow":["GET"]}}],"collection":[{"href":"https:\/\/retaprene.com\/es\/wp-json\/wp\/v2\/product"}],"about":[{"href":"https:\/\/retaprene.com\/es\/wp-json\/wp\/v2\/types\/product"}],"replies":[{"embeddable":true,"href":"https:\/\/retaprene.com\/es\/wp-json\/wp\/v2\/comments?post=2989"}],"wp:featuredmedia":[{"embeddable":true,"href":"https:\/\/retaprene.com\/es\/wp-json\/wp\/v2\/media\/2459"}],"wp:attachment":[{"href":"https:\/\/retaprene.com\/es\/wp-json\/wp\/v2\/media?parent=2989"}],"wp:term":[{"taxonomy":"product_cat","embeddable":true,"href":"https:\/\/retaprene.com\/es\/wp-json\/wp\/v2\/product_cat?post=2989"},{"taxonomy":"product_tag","embeddable":true,"href":"https:\/\/retaprene.com\/es\/wp-json\/wp\/v2\/product_tag?post=2989"}],"curies":[{"name":"wp","href":"https:\/\/api.w.org\/{rel}","templated":true}]}}