{"id":2988,"date":"2023-09-11T16:47:26","date_gmt":"2023-09-11T19:47:26","guid":{"rendered":"https:\/\/retaprene.com\/novo02\/?post_type=product&#038;p=2988"},"modified":"2023-09-29T14:38:17","modified_gmt":"2023-09-29T17:38:17","slug":"zapato-de-clavos-para-aplicacion-de-resinas-liquidas-en-pisos-de-hormigon","status":"publish","type":"product","link":"https:\/\/retaprene.com\/es\/produto\/zapato-de-clavos-para-aplicacion-de-resinas-liquidas-en-pisos-de-hormigon\/","title":{"rendered":"Zapato de clavos para aplicaci\u00f3n de resinas l\u00edquidas en pisos de Hormig\u00f3n"},"content":{"rendered":"<p>Utilizando el Zapato de Clavos es posible caminar sobre el \u00e1rea durante la aplicaci\u00f3n de: resinas, porcelanato l\u00edquido, mortero cementoso autonivelante, poliuretano, uretano, entre otras aplicaciones en estado l\u00edquido, sus u\u00f1as afiladas evitan da\u00f1os importantes al superficie. Se recomienda durante el proceso de esparcimiento de la resina y uso del rodillo de burbujas, o ante cualquier otra necesidad caminar sobre el piso en su estado l\u00edquido.<\/p>\n","protected":false},"excerpt":{"rendered":"<p>La impermeabilizaci\u00f3n se realiza como uno de los procesos m\u00e1s eficientes para quien desea tener una superficie lisa, libre de corrosi\u00f3n, rupturas y protegida de los efectos del tiempo como el desgaste, adem\u00e1s de una barrera eficiente contra los microorganismos. Para garantizar todas estas ventajas, Retaprene utiliza poliuretano (PU), un material reconocido por su calidad y larga durabilidad.<\/p>\n","protected":false},"featured_media":2462,"comment_status":"open","ping_status":"closed","template":"","meta":[],"product_cat":[36],"product_tag":[],"class_list":["post-2988","product","type-product","status-publish","has-post-thumbnail","hentry","product_cat-impermeabilizacion"],"acf":[],"_links":{"self":[{"href":"https:\/\/retaprene.com\/es\/wp-json\/wp\/v2\/product\/2988","targetHints":{"allow":["GET"]}}],"collection":[{"href":"https:\/\/retaprene.com\/es\/wp-json\/wp\/v2\/product"}],"about":[{"href":"https:\/\/retaprene.com\/es\/wp-json\/wp\/v2\/types\/product"}],"replies":[{"embeddable":true,"href":"https:\/\/retaprene.com\/es\/wp-json\/wp\/v2\/comments?post=2988"}],"wp:featuredmedia":[{"embeddable":true,"href":"https:\/\/retaprene.com\/es\/wp-json\/wp\/v2\/media\/2462"}],"wp:attachment":[{"href":"https:\/\/retaprene.com\/es\/wp-json\/wp\/v2\/media?parent=2988"}],"wp:term":[{"taxonomy":"product_cat","embeddable":true,"href":"https:\/\/retaprene.com\/es\/wp-json\/wp\/v2\/product_cat?post=2988"},{"taxonomy":"product_tag","embeddable":true,"href":"https:\/\/retaprene.com\/es\/wp-json\/wp\/v2\/product_tag?post=2988"}],"curies":[{"name":"wp","href":"https:\/\/api.w.org\/{rel}","templated":true}]}}