{"id":2986,"date":"2023-09-11T16:46:59","date_gmt":"2023-09-11T19:46:59","guid":{"rendered":"https:\/\/retaprene.com\/novo02\/?post_type=product&#038;p=2986"},"modified":"2023-09-29T14:33:27","modified_gmt":"2023-09-29T17:33:27","slug":"sistema-impermeabilizacion-alto-trafico-6350-kg-llana-dentada-10-cm","status":"publish","type":"product","link":"https:\/\/retaprene.com\/es\/produto\/sistema-impermeabilizacion-alto-trafico-6350-kg-llana-dentada-10-cm\/","title":{"rendered":"Sistema Impermeabilizaci\u00f3n Alto Tr\u00e1fico 6,350 Kg + Llana Dentada 10 CM"},"content":{"rendered":"<p>Coverprime es una resina de poliuretano bicomponente indicada para impermeabilizar losas, piscinas, dep\u00f3sitos, estaciones de tratamiento de agua, paredes, etc.<\/p>\n<p>Con la aplicaci\u00f3n de Coverprime, el cliente tiene acceso a material de alta calidad, elasticidad, resistencia a la rotura y a la abrasi\u00f3n. El ambiente se vuelve mucho m\u00e1s seguro frente a las infiltraciones, ya que se infiltra en grietas y agujeros del sustrato, asegurando el fin de las filtraciones.<\/p>\n<p>La proporci\u00f3n de mezcla es de 100 partes del componente \u00abA\u00bb y 34 partes del componente \u00abB\u00bb. Pot-life a 25\u00b0C por minuto entre 40 min y 50 min de manipulaci\u00f3n. Dureza Shore A entre 95 y 98, curado COMPLETO dentro de las 24 horas posteriores a la aplicaci\u00f3n.<\/p>\n","protected":false},"excerpt":{"rendered":"<p>La impermeabilizaci\u00f3n se realiza como uno de los procesos m\u00e1s eficientes para quien desea tener una superficie lisa, libre de corrosi\u00f3n, rupturas y protegida de los efectos del tiempo como el desgaste, adem\u00e1s de una barrera eficiente contra los microorganismos. Para garantizar todas estas ventajas, Retaprene utiliza poliuretano (PU), un material reconocido por su calidad y larga durabilidad.<\/p>\n","protected":false},"featured_media":2712,"comment_status":"open","ping_status":"closed","template":"","meta":[],"product_cat":[36],"product_tag":[],"class_list":["post-2986","product","type-product","status-publish","has-post-thumbnail","hentry","product_cat-impermeabilizacion"],"acf":[],"_links":{"self":[{"href":"https:\/\/retaprene.com\/es\/wp-json\/wp\/v2\/product\/2986","targetHints":{"allow":["GET"]}}],"collection":[{"href":"https:\/\/retaprene.com\/es\/wp-json\/wp\/v2\/product"}],"about":[{"href":"https:\/\/retaprene.com\/es\/wp-json\/wp\/v2\/types\/product"}],"replies":[{"embeddable":true,"href":"https:\/\/retaprene.com\/es\/wp-json\/wp\/v2\/comments?post=2986"}],"wp:featuredmedia":[{"embeddable":true,"href":"https:\/\/retaprene.com\/es\/wp-json\/wp\/v2\/media\/2712"}],"wp:attachment":[{"href":"https:\/\/retaprene.com\/es\/wp-json\/wp\/v2\/media?parent=2986"}],"wp:term":[{"taxonomy":"product_cat","embeddable":true,"href":"https:\/\/retaprene.com\/es\/wp-json\/wp\/v2\/product_cat?post=2986"},{"taxonomy":"product_tag","embeddable":true,"href":"https:\/\/retaprene.com\/es\/wp-json\/wp\/v2\/product_tag?post=2986"}],"curies":[{"name":"wp","href":"https:\/\/api.w.org\/{rel}","templated":true}]}}