{"id":2984,"date":"2023-09-11T16:46:59","date_gmt":"2023-09-11T19:46:59","guid":{"rendered":"https:\/\/retaprene.com\/novo02\/?post_type=product&#038;p=2984"},"modified":"2023-09-29T14:22:53","modified_gmt":"2023-09-29T17:22:53","slug":"sistema-de-impermeabilizacion-para-piscinas-embalses-caja-de-agua-5m%c2%b2","status":"publish","type":"product","link":"https:\/\/retaprene.com\/es\/produto\/sistema-de-impermeabilizacion-para-piscinas-embalses-caja-de-agua-5m%c2%b2\/","title":{"rendered":"Sistema de impermeabilizaci\u00f3n para piscinas \/ embalses \/ caja de agua &#8211; 5M\u00b2"},"content":{"rendered":"<p>1- Coverprime 1034 es una resina de poliuretano bicomponente indicada para impermeabilizar piscinas.<\/p>\n<p>Con la aplicaci\u00f3n de Coverprime, el cliente tiene acceso a material de alta calidad, elasticidad,\u00a0 \u00a0 resistencia a la rotura y a la abrasi\u00f3n. El ambiente se vuelve mucho m\u00e1s seguro frente a las\u00a0 \u00a0 \u00a0 \u00a0 infiltraciones, ya que se infiltra en grietas y agujeros del sustrato, asegurando el fin de las filtraciones.<\/p>\n<p>La proporci\u00f3n de mezcla es de 100 partes del componente \u00abA\u00bb y 34 partes del componente \u00abB\u00bb. Pot-life a 25\u00b0C por minuto entre 40 min y 50 min de manipulaci\u00f3n. Dureza Shore A entre 95 y 98, curado COMPLETO dentro de las 24 horas posteriores a la aplicaci\u00f3n.<\/p>\n<p><strong>Rendimento: 2mm \u2013 2,400 kg\/m\u00b2<\/strong><\/p>\n<p>2- Primer, para que haya un mayor anclaje del poliuretano sobre el sustrato reci\u00e9n tratado, sugerimos aplicar una capa de primer en la superficie, siendo este un material m\u00e1s fluido para que sea posible una mayor penetraci\u00f3n del poliuretano sobre la porosidad del sustrato, sellando completamente la superficie. Esto es esencial para que Coverprime 1034 se adhiera al sustrato.<\/p>\n<p><strong>Rendimento: 2mm \u2013 0,500 kg\/m\u00b2<\/strong><\/p>\n<p>3- Tela Estructurante: refuerzo mec\u00e1nico para impermeabilizaci\u00f3n.<\/p>\n<p>4- Silica (capa antideslizante). En esta etapa, despu\u00e9s del curado de la \u00faltima capa impermeabilizante, se hace aspersi\u00f3n de la capa antideslizante en toda la superficie, para que sea posible una \u00f3ptima adherencia del revestimiento posterior (plaquitas, cer\u00e1mica, etc).<\/p>\n<p><strong>Este kit sirve para impermeabilizar 5m\u00b2. Contiene:<\/strong><\/p>\n<p>\u2013 4 cubos de 3,350 kg (2,5 kg de componente A y 0,850 kg de componente B) de Resina Impermeabilizante Coverprime 1034, totalizando 13,4 kg<\/p>\n<p>\u2013 1 cubo de 3 kg (2 kg de componente A y 1 kg de componente B) de Resina Primer, en total 3 kg<\/p>\n<p>\u2013 6m\u00b2 de tejido estructural + 5kg de S\u00edlice<\/p>\n<p>+ Accesorios: Batidora y guante<\/p>\n","protected":false},"excerpt":{"rendered":"<p>La impermeabilizaci\u00f3n se realiza como uno de los procesos m\u00e1s eficientes para quien desea tener una superficie lisa, libre de corrosi\u00f3n, rupturas y protegida de los efectos del tiempo como el desgaste, adem\u00e1s de una barrera eficiente contra los microorganismos. Para garantizar todas estas ventajas, Retaprene utiliza poliuretano (PU), un material reconocido por su calidad y larga durabilidad.<\/p>\n","protected":false},"featured_media":2702,"comment_status":"open","ping_status":"closed","template":"","meta":[],"product_cat":[36],"product_tag":[],"class_list":["post-2984","product","type-product","status-publish","has-post-thumbnail","hentry","product_cat-impermeabilizacion"],"acf":[],"_links":{"self":[{"href":"https:\/\/retaprene.com\/es\/wp-json\/wp\/v2\/product\/2984","targetHints":{"allow":["GET"]}}],"collection":[{"href":"https:\/\/retaprene.com\/es\/wp-json\/wp\/v2\/product"}],"about":[{"href":"https:\/\/retaprene.com\/es\/wp-json\/wp\/v2\/types\/product"}],"replies":[{"embeddable":true,"href":"https:\/\/retaprene.com\/es\/wp-json\/wp\/v2\/comments?post=2984"}],"wp:featuredmedia":[{"embeddable":true,"href":"https:\/\/retaprene.com\/es\/wp-json\/wp\/v2\/media\/2702"}],"wp:attachment":[{"href":"https:\/\/retaprene.com\/es\/wp-json\/wp\/v2\/media?parent=2984"}],"wp:term":[{"taxonomy":"product_cat","embeddable":true,"href":"https:\/\/retaprene.com\/es\/wp-json\/wp\/v2\/product_cat?post=2984"},{"taxonomy":"product_tag","embeddable":true,"href":"https:\/\/retaprene.com\/es\/wp-json\/wp\/v2\/product_tag?post=2984"}],"curies":[{"name":"wp","href":"https:\/\/api.w.org\/{rel}","templated":true}]}}