{"id":2982,"date":"2023-09-11T16:47:00","date_gmt":"2023-09-11T19:47:00","guid":{"rendered":"https:\/\/retaprene.com\/novo02\/?post_type=product&#038;p=2982"},"modified":"2023-09-29T14:17:26","modified_gmt":"2023-09-29T17:17:26","slug":"pintura-impermeabilizante-2-em-1-para-fachadas-paredes-techos-canaletas","status":"publish","type":"product","link":"https:\/\/retaprene.com\/es\/produto\/pintura-impermeabilizante-2-em-1-para-fachadas-paredes-techos-canaletas\/","title":{"rendered":"Pintura Impermeabilizante 2 em 1 para Fachadas \/ Paredes \/ Techos \/ Canaletas"},"content":{"rendered":"<p>Presentamos el Revolucionario Retalast: su soluci\u00f3n definitiva en impermeabilizaci\u00f3n de superficies porosas. Imagine poder proteger sus fachadas, paredes externas e incluso techos con un \u00fanico producto de calidad inigualable.<\/p>\n<p>&#8211; Fachadas;<\/p>\n<p>&#8211; Muros exteriores;<\/p>\n<p>&#8211; Techos de fibrocemento y teja colonial;<\/p>\n<p>&#8211; Plataformas, aleros y canalones.<\/p>\n<p><strong>Informaciones importantes:<\/strong><\/p>\n<p>\u2013 \u00a1Prepare la superficie adecuadamente para obtener resultados impecables! Una superficie limpia, seca y libre de pintura vieja es la clave para un rendimiento excepcional.<\/p>\n","protected":false},"excerpt":{"rendered":"<p>La impermeabilizaci\u00f3n se realiza como uno de los procesos m\u00e1s eficientes para quien desea tener una superficie lisa, libre de corrosi\u00f3n, rupturas y protegida de los efectos del tiempo como el desgaste, adem\u00e1s de una barrera eficiente contra los microorganismos. Para garantizar todas estas ventajas, Retaprene utiliza poliuretano (PU), un material reconocido por su calidad y larga durabilidad.<\/p>\n","protected":false},"featured_media":2708,"comment_status":"open","ping_status":"closed","template":"","meta":[],"product_cat":[36],"product_tag":[],"class_list":["post-2982","product","type-product","status-publish","has-post-thumbnail","hentry","product_cat-impermeabilizacion"],"acf":[],"_links":{"self":[{"href":"https:\/\/retaprene.com\/es\/wp-json\/wp\/v2\/product\/2982","targetHints":{"allow":["GET"]}}],"collection":[{"href":"https:\/\/retaprene.com\/es\/wp-json\/wp\/v2\/product"}],"about":[{"href":"https:\/\/retaprene.com\/es\/wp-json\/wp\/v2\/types\/product"}],"replies":[{"embeddable":true,"href":"https:\/\/retaprene.com\/es\/wp-json\/wp\/v2\/comments?post=2982"}],"wp:featuredmedia":[{"embeddable":true,"href":"https:\/\/retaprene.com\/es\/wp-json\/wp\/v2\/media\/2708"}],"wp:attachment":[{"href":"https:\/\/retaprene.com\/es\/wp-json\/wp\/v2\/media?parent=2982"}],"wp:term":[{"taxonomy":"product_cat","embeddable":true,"href":"https:\/\/retaprene.com\/es\/wp-json\/wp\/v2\/product_cat?post=2982"},{"taxonomy":"product_tag","embeddable":true,"href":"https:\/\/retaprene.com\/es\/wp-json\/wp\/v2\/product_tag?post=2982"}],"curies":[{"name":"wp","href":"https:\/\/api.w.org\/{rel}","templated":true}]}}