{"id":2981,"date":"2023-09-11T16:50:03","date_gmt":"2023-09-11T19:50:03","guid":{"rendered":"https:\/\/retaprene.com\/novo02\/?post_type=product&#038;p=2981"},"modified":"2023-10-09T11:48:09","modified_gmt":"2023-10-09T14:48:09","slug":"aglutinante-para-caucho-epdm-granalla-fulget-corcho-eps","status":"publish","type":"product","link":"https:\/\/retaprene.com\/es\/produto\/aglutinante-para-caucho-epdm-granalla-fulget-corcho-eps\/","title":{"rendered":"Aglutinante para Caucho \/ EPDM \/ Granalla \/ Fulget \/ Corcho \/ Eps"},"content":{"rendered":"<p>Resina aglutinante para \u00e1ridos minerales y sint\u00e9ticos como pisos de caucho EPDM, Granulado y Cuarzo, produce pisos decorativos a base de \u00e1ridos minerales tipo fulget y pisos con alto poder amortiguador del caucho EPDM, sin suciedad, de r\u00e1pida ejecuci\u00f3n y sin juntas. Retabinder tambi\u00e9n es adecuado para la fabricaci\u00f3n de pavimentos para parques infantiles, piscinas, patios traseros y pavimentos deportivos.<\/p>\n<p>Para mayor eficiencia se recomienda utilizar \u00e1ridos de hasta 5mm de di\u00e1metro, utilizando entre un 20 y un 30% de resina sobre el \u00e1rido.<\/p>\n","protected":false},"excerpt":{"rendered":"<p>Las resinas que comercializa Retaprene se fabrican con dos tipos diferentes de materias primas. Para clientes que requieren superficies impermeables, ofrecemos resinas de poliuretano. Para la aplicaci\u00f3n de acabados con resistencia mec\u00e1nica, entre otras caracter\u00edsticas, ofrecemos resinas Epoxi.<\/p>\n","protected":false},"featured_media":2523,"comment_status":"open","ping_status":"closed","template":"","meta":[],"product_cat":[38],"product_tag":[],"class_list":["post-2981","product","type-product","status-publish","has-post-thumbnail","hentry","product_cat-resinas-es"],"acf":[],"_links":{"self":[{"href":"https:\/\/retaprene.com\/es\/wp-json\/wp\/v2\/product\/2981","targetHints":{"allow":["GET"]}}],"collection":[{"href":"https:\/\/retaprene.com\/es\/wp-json\/wp\/v2\/product"}],"about":[{"href":"https:\/\/retaprene.com\/es\/wp-json\/wp\/v2\/types\/product"}],"replies":[{"embeddable":true,"href":"https:\/\/retaprene.com\/es\/wp-json\/wp\/v2\/comments?post=2981"}],"wp:featuredmedia":[{"embeddable":true,"href":"https:\/\/retaprene.com\/es\/wp-json\/wp\/v2\/media\/2523"}],"wp:attachment":[{"href":"https:\/\/retaprene.com\/es\/wp-json\/wp\/v2\/media?parent=2981"}],"wp:term":[{"taxonomy":"product_cat","embeddable":true,"href":"https:\/\/retaprene.com\/es\/wp-json\/wp\/v2\/product_cat?post=2981"},{"taxonomy":"product_tag","embeddable":true,"href":"https:\/\/retaprene.com\/es\/wp-json\/wp\/v2\/product_tag?post=2981"}],"curies":[{"name":"wp","href":"https:\/\/api.w.org\/{rel}","templated":true}]}}