{"id":2977,"date":"2023-09-11T16:50:03","date_gmt":"2023-09-11T19:50:03","guid":{"rendered":"https:\/\/retaprene.com\/novo02\/?post_type=product&#038;p=2977"},"modified":"2023-09-29T14:02:37","modified_gmt":"2023-09-29T17:02:37","slug":"aislamiento-termo-acustico-para-cubiertas-3-350-kg","status":"publish","type":"product","link":"https:\/\/retaprene.com\/es\/produto\/aislamiento-termo-acustico-para-cubiertas-3-350-kg\/","title":{"rendered":"Aislamiento Termo-Ac\u00fastico para Cubiertas 3.350 Kg"},"content":{"rendered":"<p>Producto bicomponente, que presenta caracter\u00edsticas termoac\u00fasticas y impermeabilizantes. Aplicado a cubiertas y losas. Retatherm se aplica l\u00edquido y despu\u00e9s de unos minutos de aplicaci\u00f3n se expande en una proporci\u00f3n de 4:1, penetrando en huecos y agujeros, generando la impermeabilizaci\u00f3n necesaria. Este recubrimiento es una protecci\u00f3n definitiva con alta resistencia mec\u00e1nica y es completamente impermeable.<\/p>\n<p>Producto totalmente at\u00f3xico (libre de COV);<\/p>\n<p>A prueba de llamas;<\/p>\n<p>Excelente relaci\u00f3n calidad-precio;<\/p>\n<p>Grandes referencias;<\/p>\n<p>5 a\u00f1os de garant\u00eda;<\/p>\n<p>\u2013 Muy buenas propiedades.<\/p>\n<p>Rethaterm es un poliuretano de alta resistencia, fabricado para ser aplicado sobre diversos tipos de superficies (tejado, subsuelo, etc.). Es la mejor forma de impermeabilizaci\u00f3n, aislamiento t\u00e9rmico y ac\u00fastico. Y como tiene una gran adherencia, tambi\u00e9n protege contra la oxidaci\u00f3n.<\/p>\n<p>Retatherm es una resina fabricada por Retapol que tiene las propiedades ideales para aislar t\u00e9rmica y ac\u00fasticamente cubiertas y paredes que sufren la exposici\u00f3n al sol o cualquier otra fuente de calor. Tiene excelente adherencia, por lo que se puede aplicar sobre diversos sustratos, tales como; metales, fibrocemento, hormig\u00f3n, madera, pl\u00e1sticos, entre otros.<\/p>\n<p>El acabado final deja una superficie aluminizada, que ayuda a reflejar los rayos solares y genera una superficie homog\u00e9nea y de excelente apariencia.<\/p>\n","protected":false},"excerpt":{"rendered":"<p>Las resinas que comercializa Retaprene se fabrican con dos tipos diferentes de materias primas. Para clientes que requieren superficies impermeables, ofrecemos resinas de poliuretano. Para la aplicaci\u00f3n de acabados con resistencia mec\u00e1nica, entre otras caracter\u00edsticas, ofrecemos resinas Epoxi.<\/p>\n","protected":false},"featured_media":2535,"comment_status":"open","ping_status":"closed","template":"","meta":[],"product_cat":[38],"product_tag":[],"class_list":["post-2977","product","type-product","status-publish","has-post-thumbnail","hentry","product_cat-resinas-es"],"acf":[],"_links":{"self":[{"href":"https:\/\/retaprene.com\/es\/wp-json\/wp\/v2\/product\/2977","targetHints":{"allow":["GET"]}}],"collection":[{"href":"https:\/\/retaprene.com\/es\/wp-json\/wp\/v2\/product"}],"about":[{"href":"https:\/\/retaprene.com\/es\/wp-json\/wp\/v2\/types\/product"}],"replies":[{"embeddable":true,"href":"https:\/\/retaprene.com\/es\/wp-json\/wp\/v2\/comments?post=2977"}],"wp:featuredmedia":[{"embeddable":true,"href":"https:\/\/retaprene.com\/es\/wp-json\/wp\/v2\/media\/2535"}],"wp:attachment":[{"href":"https:\/\/retaprene.com\/es\/wp-json\/wp\/v2\/media?parent=2977"}],"wp:term":[{"taxonomy":"product_cat","embeddable":true,"href":"https:\/\/retaprene.com\/es\/wp-json\/wp\/v2\/product_cat?post=2977"},{"taxonomy":"product_tag","embeddable":true,"href":"https:\/\/retaprene.com\/es\/wp-json\/wp\/v2\/product_tag?post=2977"}],"curies":[{"name":"wp","href":"https:\/\/api.w.org\/{rel}","templated":true}]}}