{"id":2975,"date":"2023-09-11T16:50:03","date_gmt":"2023-09-11T19:50:03","guid":{"rendered":"https:\/\/retaprene.com\/novo02\/?post_type=product&#038;p=2975"},"modified":"2023-09-29T13:58:44","modified_gmt":"2023-09-29T16:58:44","slug":"kit-de-resina-rigida-para-relleno-de-moldes-de-silicona-acero-aluminio-retafill-1kg","status":"publish","type":"product","link":"https:\/\/retaprene.com\/es\/produto\/kit-de-resina-rigida-para-relleno-de-moldes-de-silicona-acero-aluminio-retafill-1kg\/","title":{"rendered":"Kit de Resina R\u00edgida para Relleno de Moldes de Silicona Acero Aluminio Retafill 1Kg"},"content":{"rendered":"<p>Retafill R\u00edgido es una resina de poliuretano bicomponente especialmente creada para el llenado de moldes de diferentes materiales como silicona, acero, aluminio, etc\u2026<\/p>\n<p>Su f\u00f3rmula permite la creaci\u00f3n de diversas piezas con practicidad y excelente acabado, con su aplicaci\u00f3n el cliente accede a material de alta calidad, elasticidad, resistencia a la rotura y abrasi\u00f3n.<\/p>\n<p>La proporci\u00f3n de mezcla es de 100 partes del componente \u201cA\u201d y 40 partes del componente \u201cB\u201d. Vida \u00fatil a 25\u00b0C por minuto entre 15 min y 20 min; Dureza Shore A entre 70 y 80; Curado completo dentro de las 24 horas posteriores a la aplicaci\u00f3n.<\/p>\n","protected":false},"excerpt":{"rendered":"<p>Las resinas que comercializa Retaprene se fabrican con dos tipos diferentes de materias primas. Para clientes que requieren superficies impermeables, ofrecemos resinas de poliuretano. Para la aplicaci\u00f3n de acabados con resistencia mec\u00e1nica, entre otras caracter\u00edsticas, ofrecemos resinas Epoxi.<\/p>\n","protected":false},"featured_media":2541,"comment_status":"open","ping_status":"closed","template":"","meta":[],"product_cat":[38],"product_tag":[],"class_list":["post-2975","product","type-product","status-publish","has-post-thumbnail","hentry","product_cat-resinas-es"],"acf":[],"_links":{"self":[{"href":"https:\/\/retaprene.com\/es\/wp-json\/wp\/v2\/product\/2975","targetHints":{"allow":["GET"]}}],"collection":[{"href":"https:\/\/retaprene.com\/es\/wp-json\/wp\/v2\/product"}],"about":[{"href":"https:\/\/retaprene.com\/es\/wp-json\/wp\/v2\/types\/product"}],"replies":[{"embeddable":true,"href":"https:\/\/retaprene.com\/es\/wp-json\/wp\/v2\/comments?post=2975"}],"wp:featuredmedia":[{"embeddable":true,"href":"https:\/\/retaprene.com\/es\/wp-json\/wp\/v2\/media\/2541"}],"wp:attachment":[{"href":"https:\/\/retaprene.com\/es\/wp-json\/wp\/v2\/media?parent=2975"}],"wp:term":[{"taxonomy":"product_cat","embeddable":true,"href":"https:\/\/retaprene.com\/es\/wp-json\/wp\/v2\/product_cat?post=2975"},{"taxonomy":"product_tag","embeddable":true,"href":"https:\/\/retaprene.com\/es\/wp-json\/wp\/v2\/product_tag?post=2975"}],"curies":[{"name":"wp","href":"https:\/\/api.w.org\/{rel}","templated":true}]}}