{"id":2973,"date":"2023-09-11T16:50:29","date_gmt":"2023-09-11T19:50:29","guid":{"rendered":"https:\/\/retaprene.com\/novo02\/?post_type=product&#038;p=2973"},"modified":"2023-09-29T13:51:42","modified_gmt":"2023-09-29T16:51:42","slug":"poliuretano-liquido-para-expansion-2-kg-2","status":"publish","type":"product","link":"https:\/\/retaprene.com\/es\/produto\/poliuretano-liquido-para-expansion-2-kg-2\/","title":{"rendered":"Poliuretano L\u00edquido para Expansi\u00f3n 2 kg"},"content":{"rendered":"<p>Las resinas Retafoam tienen una enorme versatilidad. Son excelentes aislantes t\u00e9rmicos y ac\u00fasticos, por lo que pueden utilizarse en construcci\u00f3n civil. Tambi\u00e9n pueden aplicarse en la producci\u00f3n de moldes, en la protecci\u00f3n de piezas y aparatos durante el transporte y incluso en artesan\u00edas, entre otros usos.<\/p>\n<p><strong>Proporci\u00f3n de mezcla:<\/strong> (A) 100 g: (B) 100 g<\/p>\n<p>El tiempo de cremado del producto es de aproximadamente 20 segundos.<\/p>\n<p>Curaci\u00f3n TOTAL en 24 horas.<\/p>\n<p>Modo de preparaci\u00f3n\/utilizaci\u00f3n en el env\u00edo del producto.<\/p>\n","protected":false},"excerpt":{"rendered":"<p>Las resinas que comercializa Retaprene se fabrican con dos tipos diferentes de materias primas. Para clientes que requieren superficies impermeables, ofrecemos resinas de poliuretano. Para la aplicaci\u00f3n de acabados con resistencia mec\u00e1nica, entre otras caracter\u00edsticas, ofrecemos resinas Epoxi.<\/p>\n","protected":false},"featured_media":2547,"comment_status":"open","ping_status":"closed","template":"","meta":[],"product_cat":[38],"product_tag":[],"class_list":["post-2973","product","type-product","status-publish","has-post-thumbnail","hentry","product_cat-resinas-es"],"acf":[],"_links":{"self":[{"href":"https:\/\/retaprene.com\/es\/wp-json\/wp\/v2\/product\/2973","targetHints":{"allow":["GET"]}}],"collection":[{"href":"https:\/\/retaprene.com\/es\/wp-json\/wp\/v2\/product"}],"about":[{"href":"https:\/\/retaprene.com\/es\/wp-json\/wp\/v2\/types\/product"}],"replies":[{"embeddable":true,"href":"https:\/\/retaprene.com\/es\/wp-json\/wp\/v2\/comments?post=2973"}],"wp:featuredmedia":[{"embeddable":true,"href":"https:\/\/retaprene.com\/es\/wp-json\/wp\/v2\/media\/2547"}],"wp:attachment":[{"href":"https:\/\/retaprene.com\/es\/wp-json\/wp\/v2\/media?parent=2973"}],"wp:term":[{"taxonomy":"product_cat","embeddable":true,"href":"https:\/\/retaprene.com\/es\/wp-json\/wp\/v2\/product_cat?post=2973"},{"taxonomy":"product_tag","embeddable":true,"href":"https:\/\/retaprene.com\/es\/wp-json\/wp\/v2\/product_tag?post=2973"}],"curies":[{"name":"wp","href":"https:\/\/api.w.org\/{rel}","templated":true}]}}