{"id":2972,"date":"2023-09-11T16:50:03","date_gmt":"2023-09-11T19:50:03","guid":{"rendered":"https:\/\/retaprene.com\/novo02\/?post_type=product&#038;p=2972"},"modified":"2023-09-29T13:48:09","modified_gmt":"2023-09-29T16:48:09","slug":"relleno-de-juntas-de-acabado-dilatacion-hormigon-madera-fibrocemento-3-kg","status":"publish","type":"product","link":"https:\/\/retaprene.com\/es\/produto\/relleno-de-juntas-de-acabado-dilatacion-hormigon-madera-fibrocemento-3-kg\/","title":{"rendered":"Relleno de juntas de acabado \/ Dilataci\u00f3n \/ Hormig\u00f3n \/ Madera \/ Fibrocemento 3 Kg"},"content":{"rendered":"<p>Coverjunta, resina utilizada para rellenar juntas. Se utilizan juntas de dilataci\u00f3n a base de poliuretano l\u00edquido para que el sistema (base de hormig\u00f3n, nivelaci\u00f3n, mortero y piso) pueda moverse sin agrietar, despegar o partir el piso y el sustrato de concreto. Se puede aplicar sobre grietas o fisuras para impermeabilizarlas.<\/p>\n","protected":false},"excerpt":{"rendered":"<p>Las resinas que comercializa Retaprene se fabrican con dos tipos diferentes de materias primas. Para clientes que requieren superficies impermeables, ofrecemos resinas de poliuretano. Para la aplicaci\u00f3n de acabados con resistencia mec\u00e1nica, entre otras caracter\u00edsticas, ofrecemos resinas Epoxi.<\/p>\n","protected":false},"featured_media":2550,"comment_status":"open","ping_status":"closed","template":"","meta":[],"product_cat":[38],"product_tag":[],"class_list":["post-2972","product","type-product","status-publish","has-post-thumbnail","hentry","product_cat-resinas-es"],"acf":[],"_links":{"self":[{"href":"https:\/\/retaprene.com\/es\/wp-json\/wp\/v2\/product\/2972","targetHints":{"allow":["GET"]}}],"collection":[{"href":"https:\/\/retaprene.com\/es\/wp-json\/wp\/v2\/product"}],"about":[{"href":"https:\/\/retaprene.com\/es\/wp-json\/wp\/v2\/types\/product"}],"replies":[{"embeddable":true,"href":"https:\/\/retaprene.com\/es\/wp-json\/wp\/v2\/comments?post=2972"}],"wp:featuredmedia":[{"embeddable":true,"href":"https:\/\/retaprene.com\/es\/wp-json\/wp\/v2\/media\/2550"}],"wp:attachment":[{"href":"https:\/\/retaprene.com\/es\/wp-json\/wp\/v2\/media?parent=2972"}],"wp:term":[{"taxonomy":"product_cat","embeddable":true,"href":"https:\/\/retaprene.com\/es\/wp-json\/wp\/v2\/product_cat?post=2972"},{"taxonomy":"product_tag","embeddable":true,"href":"https:\/\/retaprene.com\/es\/wp-json\/wp\/v2\/product_tag?post=2972"}],"curies":[{"name":"wp","href":"https:\/\/api.w.org\/{rel}","templated":true}]}}