{"id":2971,"date":"2023-09-11T16:50:03","date_gmt":"2023-09-11T19:50:03","guid":{"rendered":"https:\/\/retaprene.com\/novo02\/?post_type=product&#038;p=2971"},"modified":"2023-09-29T13:45:52","modified_gmt":"2023-09-29T16:45:52","slug":"resina-de-aislamiento-eletrico-retapol-1080-e-cubo-2-kg","status":"publish","type":"product","link":"https:\/\/retaprene.com\/es\/produto\/resina-de-aislamiento-eletrico-retapol-1080-e-cubo-2-kg\/","title":{"rendered":"Resina de Aislamiento El\u00e9trico &#8211; Retapol 1080-e Cubo 2 Kg"},"content":{"rendered":"<p>Resina de poliuretano bicomponente desarrollada para aislamiento el\u00e9ctrico y protecci\u00f3n mec\u00e1nica de empalmes de cables el\u00e9ctricos, al servicio de sistemas de baja, media y alta tensi\u00f3n. Luego del curado, la resina presenta resistencia al impacto y durabilidad frente a la humedad y la corrosi\u00f3n atmosf\u00e9rica.<\/p>\n<p>Formulado en versi\u00f3n indestructible (entre 80 a 90 Shore A) con rigidez diel\u00e9ctrica superior a 35kV\/mm.<\/p>\n<p>&nbsp;<\/p>\n<p><strong>IMPORTANTE<\/strong><\/p>\n<p>\u2013 En los anuncios donde est\u00e9 marcado \u201cFULL\u201d s\u00f3lo es posible enviar Resina Indestructible y Negro. Si necesita resina destructible Negra o Natural, h\u00e1ganoslo saber en el campo de preguntas (justo debajo).<\/p>\n<p>\u2013 Si quieres m\u00e1s unidades, h\u00e1znoslo saber a trav\u00e9s del campo de preguntas y te haremos un anuncio especial \u00a1sin costo!<\/p>\n<p>&nbsp;<\/p>\n<p>&#8212;&#8212;&#8212;&#8212;&#8212;&#8212;&#8212;&#8212;&#8212;-<\/p>\n<p>No recomendamos dividir el embalaje. Si se desea fraccionar, siga la recomendaci\u00f3n de pesaje en la proporci\u00f3n correcta A+B. Los valores de peso espec\u00edfico, viscosidad y secado se obtuvieron en laboratorio a una temperatura de 25C, sujetos a variaciones y cambios bajo condiciones adversas.<\/p>\n<p>Los rendimientos presentados son te\u00f3ricos, es decir, sujetos a variaci\u00f3n seg\u00fan m\u00e9todos de aplicaci\u00f3n, condiciones (porosidad\/irregularidades) del sustrato y espesor aplicado. La informaci\u00f3n contenida aqu\u00ed sirve como gu\u00eda para nuestros clientes y puede variar seg\u00fan las condiciones de uso y aplicaci\u00f3n del cliente.<\/p>\n<p>Para uso en aplicaciones espec\u00edficas, diferentes a las que est\u00e1 destinado el producto, consulte con nuestro departamento t\u00e9cnico antes de realizar la compra.<\/p>\n<p>Recomendamos aplicar el producto mediante mano de obra especializada.<\/p>\n","protected":false},"excerpt":{"rendered":"<p>Las resinas que comercializa Retaprene se fabrican con dos tipos diferentes de materias primas. Para clientes que requieren superficies impermeables, ofrecemos resinas de poliuretano. Para la aplicaci\u00f3n de acabados con resistencia mec\u00e1nica, entre otras caracter\u00edsticas, ofrecemos resinas Epoxi.<\/p>\n","protected":false},"featured_media":2553,"comment_status":"open","ping_status":"closed","template":"","meta":[],"product_cat":[38],"product_tag":[],"class_list":["post-2971","product","type-product","status-publish","has-post-thumbnail","hentry","product_cat-resinas-es"],"acf":[],"_links":{"self":[{"href":"https:\/\/retaprene.com\/es\/wp-json\/wp\/v2\/product\/2971","targetHints":{"allow":["GET"]}}],"collection":[{"href":"https:\/\/retaprene.com\/es\/wp-json\/wp\/v2\/product"}],"about":[{"href":"https:\/\/retaprene.com\/es\/wp-json\/wp\/v2\/types\/product"}],"replies":[{"embeddable":true,"href":"https:\/\/retaprene.com\/es\/wp-json\/wp\/v2\/comments?post=2971"}],"wp:featuredmedia":[{"embeddable":true,"href":"https:\/\/retaprene.com\/es\/wp-json\/wp\/v2\/media\/2553"}],"wp:attachment":[{"href":"https:\/\/retaprene.com\/es\/wp-json\/wp\/v2\/media?parent=2971"}],"wp:term":[{"taxonomy":"product_cat","embeddable":true,"href":"https:\/\/retaprene.com\/es\/wp-json\/wp\/v2\/product_cat?post=2971"},{"taxonomy":"product_tag","embeddable":true,"href":"https:\/\/retaprene.com\/es\/wp-json\/wp\/v2\/product_tag?post=2971"}],"curies":[{"name":"wp","href":"https:\/\/api.w.org\/{rel}","templated":true}]}}