{"id":2970,"date":"2023-09-11T16:50:03","date_gmt":"2023-09-11T19:50:03","guid":{"rendered":"https:\/\/retaprene.com\/novo02\/?post_type=product&#038;p=2970"},"modified":"2023-09-29T13:42:31","modified_gmt":"2023-09-29T16:42:31","slug":"resina-aislante-electrica-para-circuitos-muflas-condensadores-transformadores-sistema-de-proteccion-2kg","status":"publish","type":"product","link":"https:\/\/retaprene.com\/es\/produto\/resina-aislante-electrica-para-circuitos-muflas-condensadores-transformadores-sistema-de-proteccion-2kg\/","title":{"rendered":"Resina Aislante El\u00e9ctrica para Circuitos \/ Muflas \/ Condensadores \/ Transformadores \/ Sistema de Protecci\u00f3n 2Kg"},"content":{"rendered":"<p>Resina aislante para aplicaciones donde se requiera el aislamiento el\u00e9ctrico de circuitos, empalmes, cables, muflas, estanqueidad de conductos.<\/p>\n<p>Con respecto a las especificaciones de sus caracter\u00edsticas, la dureza es de 30 a 90 Shore A, con un curado total de 24 horas. El endurecimiento ocurre entre 30 a 40 minutos. Retapol 1080-E tiene una alta resistencia mec\u00e1nica y se puede suministrar en versi\u00f3n destructible (baja resistencia para extracci\u00f3n, mantenimiento y relleno nuevo), o en versi\u00f3n indestructible.<\/p>\n<p>La rigidez diel\u00e9ctrica llega a m\u00e1s de 35kv\/. Esta resina tiene capacidad para atender sistemas de baja, media y alta tensi\u00f3n. El cliente tiene acceso a las resinas destructibles, cuando hay necesidad de mantenimientos, e indestructibles; carga por m\u00e1quina o manualmente.<\/p>\n","protected":false},"excerpt":{"rendered":"<p>Las resinas que comercializa Retaprene se fabrican con dos tipos diferentes de materias primas. Para clientes que requieren superficies impermeables, ofrecemos resinas de poliuretano. Para la aplicaci\u00f3n de acabados con resistencia mec\u00e1nica, entre otras caracter\u00edsticas, ofrecemos resinas Epoxi.<\/p>\n","protected":false},"featured_media":2556,"comment_status":"open","ping_status":"closed","template":"","meta":[],"product_cat":[38],"product_tag":[],"class_list":["post-2970","product","type-product","status-publish","has-post-thumbnail","hentry","product_cat-resinas-es"],"acf":[],"_links":{"self":[{"href":"https:\/\/retaprene.com\/es\/wp-json\/wp\/v2\/product\/2970","targetHints":{"allow":["GET"]}}],"collection":[{"href":"https:\/\/retaprene.com\/es\/wp-json\/wp\/v2\/product"}],"about":[{"href":"https:\/\/retaprene.com\/es\/wp-json\/wp\/v2\/types\/product"}],"replies":[{"embeddable":true,"href":"https:\/\/retaprene.com\/es\/wp-json\/wp\/v2\/comments?post=2970"}],"wp:featuredmedia":[{"embeddable":true,"href":"https:\/\/retaprene.com\/es\/wp-json\/wp\/v2\/media\/2556"}],"wp:attachment":[{"href":"https:\/\/retaprene.com\/es\/wp-json\/wp\/v2\/media?parent=2970"}],"wp:term":[{"taxonomy":"product_cat","embeddable":true,"href":"https:\/\/retaprene.com\/es\/wp-json\/wp\/v2\/product_cat?post=2970"},{"taxonomy":"product_tag","embeddable":true,"href":"https:\/\/retaprene.com\/es\/wp-json\/wp\/v2\/product_tag?post=2970"}],"curies":[{"name":"wp","href":"https:\/\/api.w.org\/{rel}","templated":true}]}}