{"id":2966,"date":"2023-09-11T16:50:03","date_gmt":"2023-09-11T19:50:03","guid":{"rendered":"https:\/\/retaprene.com\/novo02\/?post_type=product&#038;p=2966"},"modified":"2023-09-29T13:36:11","modified_gmt":"2023-09-29T16:36:11","slug":"resina-para-modelar-sobre-poliestireno-4-540-kg","status":"publish","type":"product","link":"https:\/\/retaprene.com\/es\/produto\/resina-para-modelar-sobre-poliestireno-4-540-kg\/","title":{"rendered":"Resina para Modelar sobre Poliestireno 4.540 Kg"},"content":{"rendered":"<p>Retamolde es una resina formulada para modelar EPS (espuma de poliestireno o poliuretano expandido) en sustituci\u00f3n de la fibra de vidrio. Esta resina impermeabiliza y moldea la escultura generando un excelente acabado y con la ventaja de no contener solventes. Incluso protege la escultura contra ataques qu\u00edmicos.<\/p>\n<p>Puede ser utilizado en todo tipo de manualidades donde se utilice poliestireno expandido, como por ejemplo; carrozas, esculturas, paneles de protecci\u00f3n, entre otros.<\/p>\n","protected":false},"excerpt":{"rendered":"<p>Las resinas que comercializa Retaprene se fabrican con dos tipos diferentes de materias primas. Para clientes que requieren superficies impermeables, ofrecemos resinas de poliuretano. Para la aplicaci\u00f3n de acabados con resistencia mec\u00e1nica, entre otras caracter\u00edsticas, ofrecemos resinas Epoxi.<\/p>\n","protected":false},"featured_media":2562,"comment_status":"open","ping_status":"closed","template":"","meta":[],"product_cat":[38],"product_tag":[],"class_list":["post-2966","product","type-product","status-publish","has-post-thumbnail","hentry","product_cat-resinas-es"],"acf":[],"_links":{"self":[{"href":"https:\/\/retaprene.com\/es\/wp-json\/wp\/v2\/product\/2966","targetHints":{"allow":["GET"]}}],"collection":[{"href":"https:\/\/retaprene.com\/es\/wp-json\/wp\/v2\/product"}],"about":[{"href":"https:\/\/retaprene.com\/es\/wp-json\/wp\/v2\/types\/product"}],"replies":[{"embeddable":true,"href":"https:\/\/retaprene.com\/es\/wp-json\/wp\/v2\/comments?post=2966"}],"wp:featuredmedia":[{"embeddable":true,"href":"https:\/\/retaprene.com\/es\/wp-json\/wp\/v2\/media\/2562"}],"wp:attachment":[{"href":"https:\/\/retaprene.com\/es\/wp-json\/wp\/v2\/media?parent=2966"}],"wp:term":[{"taxonomy":"product_cat","embeddable":true,"href":"https:\/\/retaprene.com\/es\/wp-json\/wp\/v2\/product_cat?post=2966"},{"taxonomy":"product_tag","embeddable":true,"href":"https:\/\/retaprene.com\/es\/wp-json\/wp\/v2\/product_tag?post=2966"}],"curies":[{"name":"wp","href":"https:\/\/api.w.org\/{rel}","templated":true}]}}