{"id":2964,"date":"2023-09-11T16:50:04","date_gmt":"2023-09-11T19:50:04","guid":{"rendered":"https:\/\/retaprene.com\/novo02\/?post_type=product&#038;p=2964"},"modified":"2023-09-29T13:34:10","modified_gmt":"2023-09-29T16:34:10","slug":"retadur-junta-canaleta-sellador-impermeabilizante-4720kg","status":"publish","type":"product","link":"https:\/\/retaprene.com\/es\/produto\/retadur-junta-canaleta-sellador-impermeabilizante-4720kg\/","title":{"rendered":"Retadur Junta-Canaleta \/ Sellador \/ Impermeabilizante 4,720kg"},"content":{"rendered":"<p>Es una resina impermeabilizante con alta capacidad de adherencia sobre diferentes tipos de superficies como metales, fibrocemento, hormig\u00f3n, madera, entre otros. Est\u00e1 destinado a impermeabilizar canaletas, desag\u00fces, tapajuntas y superficies que requieran un sistema estanco, incluso cuando grietas y agujeros sean inminentes. Su alta viscosidad permite una aplicaci\u00f3n efectiva en taludes y aberturas, evitando el escurrimiento excesivo del material impermeabilizante, adem\u00e1s los procedimientos de aplicaci\u00f3n son sencillos y cura r\u00e1pidamente (2 a 3 horas).<\/p>\n<p>La junta para canalones Retadur no tiene olor, es un producto no t\u00f3xico, no propaga las llamas y tiene una calidad contrastada incluso expuesto a condiciones clim\u00e1ticas adversas.<\/p>\n","protected":false},"excerpt":{"rendered":"<p>Las resinas que comercializa Retaprene se fabrican con dos tipos diferentes de materias primas. Para clientes que requieren superficies impermeables, ofrecemos resinas de poliuretano. Para la aplicaci\u00f3n de acabados con resistencia mec\u00e1nica, entre otras caracter\u00edsticas, ofrecemos resinas Epoxi.<\/p>\n","protected":false},"featured_media":2565,"comment_status":"open","ping_status":"closed","template":"","meta":[],"product_cat":[38],"product_tag":[],"class_list":["post-2964","product","type-product","status-publish","has-post-thumbnail","hentry","product_cat-resinas-es"],"acf":[],"_links":{"self":[{"href":"https:\/\/retaprene.com\/es\/wp-json\/wp\/v2\/product\/2964","targetHints":{"allow":["GET"]}}],"collection":[{"href":"https:\/\/retaprene.com\/es\/wp-json\/wp\/v2\/product"}],"about":[{"href":"https:\/\/retaprene.com\/es\/wp-json\/wp\/v2\/types\/product"}],"replies":[{"embeddable":true,"href":"https:\/\/retaprene.com\/es\/wp-json\/wp\/v2\/comments?post=2964"}],"wp:featuredmedia":[{"embeddable":true,"href":"https:\/\/retaprene.com\/es\/wp-json\/wp\/v2\/media\/2565"}],"wp:attachment":[{"href":"https:\/\/retaprene.com\/es\/wp-json\/wp\/v2\/media?parent=2964"}],"wp:term":[{"taxonomy":"product_cat","embeddable":true,"href":"https:\/\/retaprene.com\/es\/wp-json\/wp\/v2\/product_cat?post=2964"},{"taxonomy":"product_tag","embeddable":true,"href":"https:\/\/retaprene.com\/es\/wp-json\/wp\/v2\/product_tag?post=2964"}],"curies":[{"name":"wp","href":"https:\/\/api.w.org\/{rel}","templated":true}]}}