{"id":2961,"date":"2023-09-11T16:50:03","date_gmt":"2023-09-11T19:50:03","guid":{"rendered":"https:\/\/retaprene.com\/novo02\/?post_type=product&#038;p=2961"},"modified":"2023-09-29T13:31:34","modified_gmt":"2023-09-29T16:31:34","slug":"retapol-1080-e-r-resina-aislante-electrica-para-circuitos-muflas-condensadores-transformadores-sistemas-de-proteccion-2kg","status":"publish","type":"product","link":"https:\/\/retaprene.com\/es\/produto\/retapol-1080-e-r-resina-aislante-electrica-para-circuitos-muflas-condensadores-transformadores-sistemas-de-proteccion-2kg\/","title":{"rendered":"Retapol 1080- E\/R \u2013 Resina Aislante El\u00e9ctrica para Circuitos \/ Muflas \/ Condensadores \/ Transformadores \/ Sistemas de Protecci\u00f3n 2Kg"},"content":{"rendered":"<p>Resina aislante para aplicaciones que requieran aislamiento el\u00e9ctrico de circuitos, empalmes, cables, hornos de mufla y estanqueidad de ductos.<\/p>\n","protected":false},"excerpt":{"rendered":"<p>Las resinas que comercializa Retaprene se fabrican con dos tipos diferentes de materias primas. Para clientes que requieren superficies impermeables, ofrecemos resinas de poliuretano. Para la aplicaci\u00f3n de acabados con resistencia mec\u00e1nica, entre otras caracter\u00edsticas, ofrecemos resinas Epoxi.<\/p>\n","protected":false},"featured_media":2568,"comment_status":"open","ping_status":"closed","template":"","meta":[],"product_cat":[38],"product_tag":[],"class_list":["post-2961","product","type-product","status-publish","has-post-thumbnail","hentry","product_cat-resinas-es"],"acf":[],"_links":{"self":[{"href":"https:\/\/retaprene.com\/es\/wp-json\/wp\/v2\/product\/2961","targetHints":{"allow":["GET"]}}],"collection":[{"href":"https:\/\/retaprene.com\/es\/wp-json\/wp\/v2\/product"}],"about":[{"href":"https:\/\/retaprene.com\/es\/wp-json\/wp\/v2\/types\/product"}],"replies":[{"embeddable":true,"href":"https:\/\/retaprene.com\/es\/wp-json\/wp\/v2\/comments?post=2961"}],"wp:featuredmedia":[{"embeddable":true,"href":"https:\/\/retaprene.com\/es\/wp-json\/wp\/v2\/media\/2568"}],"wp:attachment":[{"href":"https:\/\/retaprene.com\/es\/wp-json\/wp\/v2\/media?parent=2961"}],"wp:term":[{"taxonomy":"product_cat","embeddable":true,"href":"https:\/\/retaprene.com\/es\/wp-json\/wp\/v2\/product_cat?post=2961"},{"taxonomy":"product_tag","embeddable":true,"href":"https:\/\/retaprene.com\/es\/wp-json\/wp\/v2\/product_tag?post=2961"}],"curies":[{"name":"wp","href":"https:\/\/api.w.org\/{rel}","templated":true}]}}