{"id":2958,"date":"2023-09-11T16:50:30","date_gmt":"2023-09-11T19:50:30","guid":{"rendered":"https:\/\/retaprene.com\/novo02\/?post_type=product&#038;p=2958"},"modified":"2023-09-29T13:24:00","modified_gmt":"2023-09-29T16:24:00","slug":"relleno-de-poros-para-hormigon-madera-fibrocemento-yeso-4-600kg","status":"publish","type":"product","link":"https:\/\/retaprene.com\/es\/produto\/relleno-de-poros-para-hormigon-madera-fibrocemento-yeso-4-600kg\/","title":{"rendered":"Relleno de Poros para Hormig\u00f3n \/ Madera \/ Fibrocemento \/ Yeso 4.600Kg"},"content":{"rendered":"<p>Retadur, membrana el\u00e1stica bicomponente, 100% s\u00f3lidos, de curado lento (penetraci\u00f3n en grietas y agujeros), a base de poliuretano, libre de gases VOC o CFC para aplicaci\u00f3n mediante m\u00e1quina de baja presi\u00f3n o extendido (aplicaci\u00f3n con esp\u00e1tula).<\/p>\n<p>&nbsp;<\/p>\n<p>La mejor soluci\u00f3n para solucionar los diversos problemas que tenemos en el d\u00eda a d\u00eda, tales como: huecos, huecos en mamposter\u00eda, madera y yeso, estabilizado de grietas y fisuras, se puede aplicar en interiores y exteriores, se puede terminar con pintura al agua y disolvente, F\u00e1cil de aplicar y lijar para alisar la superficie.<\/p>\n","protected":false},"excerpt":{"rendered":"<p>Las resinas que comercializa Retaprene se fabrican con dos tipos diferentes de materias primas. Para clientes que requieren superficies impermeables, ofrecemos resinas de poliuretano. Para la aplicaci\u00f3n de acabados con resistencia mec\u00e1nica, entre otras caracter\u00edsticas, ofrecemos resinas Epoxi.<\/p>\n","protected":false},"featured_media":2854,"comment_status":"open","ping_status":"closed","template":"","meta":[],"product_cat":[38],"product_tag":[],"class_list":["post-2958","product","type-product","status-publish","has-post-thumbnail","hentry","product_cat-resinas-es"],"acf":[],"_links":{"self":[{"href":"https:\/\/retaprene.com\/es\/wp-json\/wp\/v2\/product\/2958","targetHints":{"allow":["GET"]}}],"collection":[{"href":"https:\/\/retaprene.com\/es\/wp-json\/wp\/v2\/product"}],"about":[{"href":"https:\/\/retaprene.com\/es\/wp-json\/wp\/v2\/types\/product"}],"replies":[{"embeddable":true,"href":"https:\/\/retaprene.com\/es\/wp-json\/wp\/v2\/comments?post=2958"}],"wp:featuredmedia":[{"embeddable":true,"href":"https:\/\/retaprene.com\/es\/wp-json\/wp\/v2\/media\/2854"}],"wp:attachment":[{"href":"https:\/\/retaprene.com\/es\/wp-json\/wp\/v2\/media?parent=2958"}],"wp:term":[{"taxonomy":"product_cat","embeddable":true,"href":"https:\/\/retaprene.com\/es\/wp-json\/wp\/v2\/product_cat?post=2958"},{"taxonomy":"product_tag","embeddable":true,"href":"https:\/\/retaprene.com\/es\/wp-json\/wp\/v2\/product_tag?post=2958"}],"curies":[{"name":"wp","href":"https:\/\/api.w.org\/{rel}","templated":true}]}}