{"id":2586,"date":"2023-09-11T16:47:55","date_gmt":"2023-09-11T19:47:55","guid":{"rendered":"https:\/\/retaprene.com\/novo02\/?post_type=product&#038;p=2586"},"modified":"2023-12-14T10:01:16","modified_gmt":"2023-12-14T13:01:16","slug":"espuma-de-poliuretano-para-expansion-contiene-6-kg-retafoam","status":"publish","type":"product","link":"https:\/\/retaprene.com\/es\/produto\/espuma-de-poliuretano-para-expansion-contiene-6-kg-retafoam\/","title":{"rendered":"Espuma de Poliuretano para Expansi\u00f3n &#8211; Contiene 6 Kg \u2013 Retafoam"},"content":{"rendered":"<p>Debido a su capacidad de adaptarse a diferentes usos, es posible aprovechar las propiedades de la espuma en multitud de situaciones. Por eso no s\u00f3lo se utiliza en la industria de la construcci\u00f3n, sino tambi\u00e9n en la industria del autom\u00f3vil y en otros sectores:<\/p>\n<p>\u2013 Fijaci\u00f3n de puertas y marcos;<\/p>\n<p>\u2013 Correcci\u00f3n de desperfectos en paredes o superficies;<\/p>\n<p>\u2013 Fabricaci\u00f3n de neum\u00e1ticos;<\/p>\n<p>\u2013 Aislamiento de ubicaciones;<\/p>\n<p>\u2013 Ayuda a los sistemas de congelaci\u00f3n y refrigeraci\u00f3n.<\/p>\n","protected":false},"excerpt":{"rendered":"<p>Debido a su capacidad de adaptarse a diferentes usos, es posible aprovechar las propiedades de la espuma en multitud de situaciones. Por eso no s\u00f3lo se utiliza en la industria de la construcci\u00f3n, sino tambi\u00e9n en la industria del autom\u00f3vil y en otros sectores: \u2013 Fijaci\u00f3n de puertas y marcos; \u2013 Correcci\u00f3n de desperfectos en [&hellip;]<\/p>\n","protected":false},"featured_media":2513,"comment_status":"open","ping_status":"closed","template":"","meta":[],"product_cat":[37],"product_tag":[],"class_list":["post-2586","product","type-product","status-publish","has-post-thumbnail","hentry","product_cat-aislamiento-termico"],"acf":[],"_links":{"self":[{"href":"https:\/\/retaprene.com\/es\/wp-json\/wp\/v2\/product\/2586","targetHints":{"allow":["GET"]}}],"collection":[{"href":"https:\/\/retaprene.com\/es\/wp-json\/wp\/v2\/product"}],"about":[{"href":"https:\/\/retaprene.com\/es\/wp-json\/wp\/v2\/types\/product"}],"replies":[{"embeddable":true,"href":"https:\/\/retaprene.com\/es\/wp-json\/wp\/v2\/comments?post=2586"}],"wp:featuredmedia":[{"embeddable":true,"href":"https:\/\/retaprene.com\/es\/wp-json\/wp\/v2\/media\/2513"}],"wp:attachment":[{"href":"https:\/\/retaprene.com\/es\/wp-json\/wp\/v2\/media?parent=2586"}],"wp:term":[{"taxonomy":"product_cat","embeddable":true,"href":"https:\/\/retaprene.com\/es\/wp-json\/wp\/v2\/product_cat?post=2586"},{"taxonomy":"product_tag","embeddable":true,"href":"https:\/\/retaprene.com\/es\/wp-json\/wp\/v2\/product_tag?post=2586"}],"curies":[{"name":"wp","href":"https:\/\/api.w.org\/{rel}","templated":true}]}}