{"id":2575,"date":"2023-09-11T16:48:40","date_gmt":"2023-09-11T19:48:40","guid":{"rendered":"https:\/\/retaprene.com\/novo02\/?post_type=product&#038;p=2575"},"modified":"2023-09-29T12:44:54","modified_gmt":"2023-09-29T15:44:54","slug":"pegamento-de-poliuretano-para-madera-combo-con-10-cubos","status":"publish","type":"product","link":"https:\/\/retaprene.com\/es\/produto\/pegamento-de-poliuretano-para-madera-combo-con-10-cubos\/","title":{"rendered":"Pegamento De Poliuretano \/ Para Madera Combo Con 10 Cubos"},"content":{"rendered":"<p>Retapol, perteneciente al Grupo Retaprene, con m\u00e1s de 17 a\u00f1os en el mercado, est\u00e1 especializada en la producci\u00f3n de poliuretano y resina epoxi para las m\u00e1s variadas aplicaciones, teniendo como objetivo atender todas las posibles patolog\u00edas que se presentan durante la construcci\u00f3n o mantenimiento de un inmueble. Garantizamos la calidad de nuestras resinas y ofrecemos el precio m\u00e1s bajo del mercado, con total seguridad en la compra y postventa con la emisi\u00f3n de factura.<\/p>\n<p>Los pegamentos Retapur tienen una amplia gama de aplicaciones en la construcci\u00f3n civil y en la vida cotidiana, entre estas aplicaciones se encuentran adhesivos para pegar poliestireno, madera, c\u00e9sped sint\u00e9tico, panel, EPS, parquet, pisos, contrachapados, tacos, pisos, pisos de engomado, l\u00e1mina de acero. canalones, cer\u00e1mica\/hormig\u00f3n, aluminio, metales cobrizos en general, tejas (poliestireno), pl\u00e1sticos no olef\u00ednicos, entre otros.<\/p>\n","protected":false},"excerpt":{"rendered":"<p>Retaprene est\u00e1 siempre atenta a los avances tecnol\u00f3gicos, por eso invierte en el ofrecimiento de aislamiento t\u00e9rmico hecho con resina cuya fabricaci\u00f3n es realizada por nuestra propia empresa.<\/p>\n","protected":false},"featured_media":2484,"comment_status":"open","ping_status":"closed","template":"","meta":[],"product_cat":[15,18],"product_tag":[],"class_list":["post-2575","product","type-product","status-publish","has-post-thumbnail","hentry","product_cat-adesivos-e-selantes","product_cat-isolamento-termico"],"acf":[],"_links":{"self":[{"href":"https:\/\/retaprene.com\/es\/wp-json\/wp\/v2\/product\/2575","targetHints":{"allow":["GET"]}}],"collection":[{"href":"https:\/\/retaprene.com\/es\/wp-json\/wp\/v2\/product"}],"about":[{"href":"https:\/\/retaprene.com\/es\/wp-json\/wp\/v2\/types\/product"}],"replies":[{"embeddable":true,"href":"https:\/\/retaprene.com\/es\/wp-json\/wp\/v2\/comments?post=2575"}],"wp:featuredmedia":[{"embeddable":true,"href":"https:\/\/retaprene.com\/es\/wp-json\/wp\/v2\/media\/2484"}],"wp:attachment":[{"href":"https:\/\/retaprene.com\/es\/wp-json\/wp\/v2\/media?parent=2575"}],"wp:term":[{"taxonomy":"product_cat","embeddable":true,"href":"https:\/\/retaprene.com\/es\/wp-json\/wp\/v2\/product_cat?post=2575"},{"taxonomy":"product_tag","embeddable":true,"href":"https:\/\/retaprene.com\/es\/wp-json\/wp\/v2\/product_tag?post=2575"}],"curies":[{"name":"wp","href":"https:\/\/api.w.org\/{rel}","templated":true}]}}