{"id":2573,"date":"2023-09-11T16:47:26","date_gmt":"2023-09-11T19:47:26","guid":{"rendered":"https:\/\/retaprene.com\/novo02\/?post_type=product&#038;p=2573"},"modified":"2023-12-14T10:01:17","modified_gmt":"2023-12-14T13:01:17","slug":"caja-termica-aislante-para-transporte-de-alimentos-a-baja-temperatura","status":"publish","type":"product","link":"https:\/\/retaprene.com\/es\/produto\/caja-termica-aislante-para-transporte-de-alimentos-a-baja-temperatura\/","title":{"rendered":"Caja T\u00e9rmica Aislante para Transporte de Alimentos a Baja Temperatura"},"content":{"rendered":"<p><strong>Aplicaciones Principales<\/strong><\/p>\n<p>RETABOX es un producto desarrollado a partir de estudios de soluciones en el segmento de aislamiento t\u00e9rmico para el transporte de productos a bajas temperaturas durante largos per\u00edodos de transporte (m\u00e1s de 120 horas). Con amplia experiencia en el segmento de poliuretano y aislamientos t\u00e9rmicos, RETAPOL desarrolla resinas y soluciones, prestando atenci\u00f3n a todas las caracter\u00edsticas necesarias para mantener bajas temperaturas, ideales para el transporte de productos de los segmentos farmac\u00e9utico, alimentario, agr\u00f3nomo, entre otros.<\/p>\n<p>A\u00edsla 3 veces m\u00e1s que una caja de poliestireno.<\/p>\n<p>Aislamiento de paredes<\/p>\n<p>M\u00ednimo 50 mm<\/p>\n<p>Material<\/p>\n<p>PUR \u2013 Poliuretano r\u00edgido de media densidad con recubrimiento de pel\u00edcula de poliuretano de alta densidad.<\/p>\n<p>Acabado interior<\/p>\n<p>Liso \u2013 Molde Pulido<\/p>\n<p>Embalaje para transporte<\/p>\n<p>Caja de cart\u00f3n exterior 3 mm<\/p>\n","protected":false},"excerpt":{"rendered":"<p>Retaprene est\u00e1 siempre atenta a los avances tecnol\u00f3gicos, por eso invierte en el ofrecimiento de aislamiento t\u00e9rmico hecho con resina cuya fabricaci\u00f3n es realizada por nuestra propia empresa.<\/p>\n","protected":false},"featured_media":2481,"comment_status":"open","ping_status":"closed","template":"","meta":[],"product_cat":[37],"product_tag":[],"class_list":["post-2573","product","type-product","status-publish","has-post-thumbnail","hentry","product_cat-aislamiento-termico"],"acf":[],"_links":{"self":[{"href":"https:\/\/retaprene.com\/es\/wp-json\/wp\/v2\/product\/2573","targetHints":{"allow":["GET"]}}],"collection":[{"href":"https:\/\/retaprene.com\/es\/wp-json\/wp\/v2\/product"}],"about":[{"href":"https:\/\/retaprene.com\/es\/wp-json\/wp\/v2\/types\/product"}],"replies":[{"embeddable":true,"href":"https:\/\/retaprene.com\/es\/wp-json\/wp\/v2\/comments?post=2573"}],"wp:featuredmedia":[{"embeddable":true,"href":"https:\/\/retaprene.com\/es\/wp-json\/wp\/v2\/media\/2481"}],"wp:attachment":[{"href":"https:\/\/retaprene.com\/es\/wp-json\/wp\/v2\/media?parent=2573"}],"wp:term":[{"taxonomy":"product_cat","embeddable":true,"href":"https:\/\/retaprene.com\/es\/wp-json\/wp\/v2\/product_cat?post=2573"},{"taxonomy":"product_tag","embeddable":true,"href":"https:\/\/retaprene.com\/es\/wp-json\/wp\/v2\/product_tag?post=2573"}],"curies":[{"name":"wp","href":"https:\/\/api.w.org\/{rel}","templated":true}]}}