{"id":2245,"date":"2023-09-11T16:50:30","date_gmt":"2023-09-11T19:50:30","guid":{"rendered":"http:\/\/localhost:8888\/retaprenecom\/produto\/veda-fissuras-de-concreto-retaframe-3kg\/"},"modified":"2023-09-29T13:20:19","modified_gmt":"2023-09-29T16:20:19","slug":"veda-fissuras-de-concreto-retaframe-3kg","status":"publish","type":"product","link":"https:\/\/retaprene.com\/es\/produto\/veda-fissuras-de-concreto-retaframe-3kg\/","title":{"rendered":"Veda Fissuras De Concreto \u2013 Retaframe 3KG"},"content":{"rendered":"<p>Retaframe es una resina de poliuretano bicomponente indicada principalmente para la impermeabilizaci\u00f3n de superficies verticales ya que presenta caracter\u00edsticas tixotr\u00f3picas, evitando el escurrimiento. Se puede aplicar en paredes, piscinas, dep\u00f3sitos, rellenando huecos en paneles de fibrocemento, etc.<\/p>\n<p>Con la aplicaci\u00f3n de Retaframe, el cliente tiene acceso a material de alta calidad, elasticidad media, resistencia a la rotura y abrasi\u00f3n. El ambiente se vuelve mucho m\u00e1s seguro ya que se crea una barrera que protege el sustrato, asegurando que no haya filtraciones.<\/p>\n","protected":false},"excerpt":{"rendered":"<p>Las resinas que comercializa Retaprene se fabrican con dos tipos diferentes de materias primas. Para clientes que requieren superficies impermeables, ofrecemos resinas de poliuretano. Para la aplicaci\u00f3n de acabados con resistencia mec\u00e1nica, entre otras caracter\u00edsticas, ofrecemos resinas Epoxi.<\/p>\n","protected":false},"featured_media":2858,"comment_status":"open","ping_status":"closed","template":"","meta":[],"product_cat":[38],"product_tag":[],"class_list":["post-2245","product","type-product","status-publish","has-post-thumbnail","hentry","product_cat-resinas-es"],"acf":[],"_links":{"self":[{"href":"https:\/\/retaprene.com\/es\/wp-json\/wp\/v2\/product\/2245","targetHints":{"allow":["GET"]}}],"collection":[{"href":"https:\/\/retaprene.com\/es\/wp-json\/wp\/v2\/product"}],"about":[{"href":"https:\/\/retaprene.com\/es\/wp-json\/wp\/v2\/types\/product"}],"replies":[{"embeddable":true,"href":"https:\/\/retaprene.com\/es\/wp-json\/wp\/v2\/comments?post=2245"}],"wp:featuredmedia":[{"embeddable":true,"href":"https:\/\/retaprene.com\/es\/wp-json\/wp\/v2\/media\/2858"}],"wp:attachment":[{"href":"https:\/\/retaprene.com\/es\/wp-json\/wp\/v2\/media?parent=2245"}],"wp:term":[{"taxonomy":"product_cat","embeddable":true,"href":"https:\/\/retaprene.com\/es\/wp-json\/wp\/v2\/product_cat?post=2245"},{"taxonomy":"product_tag","embeddable":true,"href":"https:\/\/retaprene.com\/es\/wp-json\/wp\/v2\/product_tag?post=2245"}],"curies":[{"name":"wp","href":"https:\/\/api.w.org\/{rel}","templated":true}]}}