{"id":2243,"date":"2023-09-11T16:47:26","date_gmt":"2023-09-11T19:47:26","guid":{"rendered":"http:\/\/localhost:8888\/retaprenecom\/produto\/sistema-de-impermeabilizacao-trafego-leve-para-laje-piscina-concreto-edificio-garagem-6350kg\/"},"modified":"2023-09-29T14:16:45","modified_gmt":"2023-09-29T17:16:45","slug":"sistema-de-impermeabilizacao-trafego-leve-para-laje-piscina-concreto-edificio-garagem-6350kg","status":"publish","type":"product","link":"https:\/\/retaprene.com\/es\/produto\/sistema-de-impermeabilizacao-trafego-leve-para-laje-piscina-concreto-edificio-garagem-6350kg\/","title":{"rendered":"Sistema Impermeabilizante de Tr\u00e1fico Ligero para Losa \/ Piscina \/ Hormig\u00f3n \/ Edificio \/ Garaje 6.350Kg"},"content":{"rendered":"<p>Nuestro sistema de impermeabilizaci\u00f3n est\u00e1 compuesto por dos resinas: Coverprime y Primer, \u00a1la combinaci\u00f3n perfecta para solucionar tus problemas!<\/p>\n<p>Coverprime es una resina de poliuretano bicomponente indicada para impermeabilizar piscinas.<\/p>\n<p>Con la aplicaci\u00f3n de Coverprime, el cliente tiene acceso a material de alta calidad, elasticidad, resistencia a la rotura y a la abrasi\u00f3n. El ambiente se vuelve mucho m\u00e1s seguro frente a las infiltraciones, ya que se infiltra en grietas y agujeros del sustrato, asegurando el fin de las filtraciones.<\/p>\n<p>La proporci\u00f3n de mezcla es de 100 partes del componente \u00abA\u00bb y 34 partes del componente \u00abB\u00bb. Pot-life a 25\u00b0C por minuto entre 40 min y 50 min de manipulaci\u00f3n. Dureza Shore A entre 95 y 98, curado COMPLETO dentro de las 24 horas posteriores a la aplicaci\u00f3n.<\/p>\n<p>Primer, para que haya un mayor anclaje del poliuretano sobre el sustrato reci\u00e9n tratado, sugerimos aplicar una capa de primer en la superficie, siendo este un material m\u00e1s fluido para que sea posible una mayor penetraci\u00f3n del poliuretano sobre la porosidad del sustrato, sellando completamente la superficie. Esto es esencial para que Coverprime 1034 se adhiera al sustrato.<\/p>\n","protected":false},"excerpt":{"rendered":"<p>La impermeabilizaci\u00f3n se realiza como uno de los procesos m\u00e1s eficientes para quien desea tener una superficie lisa, libre de corrosi\u00f3n, rupturas y protegida de los efectos del tiempo como el desgaste, adem\u00e1s de una barrera eficiente contra los microorganismos. Para garantizar todas estas ventajas, Retaprene utiliza poliuretano (PU), un material reconocido por su calidad y larga durabilidad.<\/p>\n","protected":false},"featured_media":2705,"comment_status":"open","ping_status":"closed","template":"","meta":[],"product_cat":[36],"product_tag":[],"class_list":["post-2243","product","type-product","status-publish","has-post-thumbnail","hentry","product_cat-impermeabilizacion"],"acf":[],"_links":{"self":[{"href":"https:\/\/retaprene.com\/es\/wp-json\/wp\/v2\/product\/2243","targetHints":{"allow":["GET"]}}],"collection":[{"href":"https:\/\/retaprene.com\/es\/wp-json\/wp\/v2\/product"}],"about":[{"href":"https:\/\/retaprene.com\/es\/wp-json\/wp\/v2\/types\/product"}],"replies":[{"embeddable":true,"href":"https:\/\/retaprene.com\/es\/wp-json\/wp\/v2\/comments?post=2243"}],"wp:featuredmedia":[{"embeddable":true,"href":"https:\/\/retaprene.com\/es\/wp-json\/wp\/v2\/media\/2705"}],"wp:attachment":[{"href":"https:\/\/retaprene.com\/es\/wp-json\/wp\/v2\/media?parent=2243"}],"wp:term":[{"taxonomy":"product_cat","embeddable":true,"href":"https:\/\/retaprene.com\/es\/wp-json\/wp\/v2\/product_cat?post=2243"},{"taxonomy":"product_tag","embeddable":true,"href":"https:\/\/retaprene.com\/es\/wp-json\/wp\/v2\/product_tag?post=2243"}],"curies":[{"name":"wp","href":"https:\/\/api.w.org\/{rel}","templated":true}]}}